{"id":79,"date":"2017-03-01T16:11:59","date_gmt":"2017-03-01T15:11:59","guid":{"rendered":"https:\/\/www.hotelletizia.net\/grazie-per-averci-contattato\/"},"modified":"2024-10-31T08:59:59","modified_gmt":"2024-10-31T07:59:59","slug":"merci-pour-nous-avoir-contacte","status":"publish","type":"page","link":"https:\/\/www.hotelletizia.net\/fr\/merci-pour-nous-avoir-contacte\/","title":{"rendered":"Merci pour nous avoir contact\u00e9"},"content":{"rendered":"<p>Nous avons re\u00e7u votre demande de devis et nous vous contacterons d\u00e8s que possible avec la meilleure proposition pour votre s\u00e9jour en Italie \u00e0 l&rsquo;h\u00f4tel Letizia !<\/p>\n<p>Si vous avez d\u00e9cid\u00e9 de vous abonner \u00e0 notre <em>newsletter<\/em>, veuillez v\u00e9rifier votre bo\u00eete de r\u00e9ception. Nous vous avons envoy\u00e9 un e-mail pour <strong>confirmer votre inscription<\/strong>.<\/p>\n<p><strong>Vous savez quoi ?<\/strong><br \/>\nCertains programmes de messagerie tels que GMail, Yahoo, etc. peuvent placer par erreur notre e-mail parmi les \u00ab Promotions\/Offres \u00bb ou dans \u00ab Spam \u00bb.<\/p>\n<p>Nous vous invitons donc \u00e0 v\u00e9rifier ces dossiers et \u00e0 faire glisser notre e-mail dans le dossier &lsquo;Main&rsquo; \ud83d\ude09 .<\/p>\n<h3>\nEn attendant, lisez ce que disent les h\u00f4tes qui sont pass\u00e9s chez nous \ud83d\udc47<\/h3>\n","protected":false},"excerpt":{"rendered":"<p>Nous avons re\u00e7u votre demande de devis et nous vous contacterons d\u00e8s que possible avec la meilleure proposition pour votre s\u00e9jour en Italie \u00e0 l&rsquo;h\u00f4tel Letizia ! Si vous avez d\u00e9cid\u00e9 de vous abonner \u00e0 notre newsletter, veuillez v\u00e9rifier votre bo\u00eete de r\u00e9ception. Nous vous avons envoy\u00e9 un e-mail pour confirmer votre inscription. Vous savez quoi ? Certains programmes de messagerie tels que GMail, Yahoo, etc. peuvent placer par erreur &#8230;<\/p>\n","protected":false},"author":1,"featured_media":0,"parent":0,"menu_order":0,"comment_status":"closed","ping_status":"closed","template":"","meta":{"_acf_changed":false},"class_list":["post-79","page","type-page","status-publish","hentry"],"acf":[],"_links":{"self":[{"href":"https:\/\/www.hotelletizia.net\/fr\/wp-json\/wp\/v2\/pages\/79","targetHints":{"allow":["GET"]}}],"collection":[{"href":"https:\/\/www.hotelletizia.net\/fr\/wp-json\/wp\/v2\/pages"}],"about":[{"href":"https:\/\/www.hotelletizia.net\/fr\/wp-json\/wp\/v2\/types\/page"}],"author":[{"embeddable":true,"href":"https:\/\/www.hotelletizia.net\/fr\/wp-json\/wp\/v2\/users\/1"}],"replies":[{"embeddable":true,"href":"https:\/\/www.hotelletizia.net\/fr\/wp-json\/wp\/v2\/comments?post=79"}],"version-history":[{"count":0,"href":"https:\/\/www.hotelletizia.net\/fr\/wp-json\/wp\/v2\/pages\/79\/revisions"}],"wp:attachment":[{"href":"https:\/\/www.hotelletizia.net\/fr\/wp-json\/wp\/v2\/media?parent=79"}],"curies":[{"name":"wp","href":"https:\/\/api.w.org\/{rel}","templated":true}]}}