{"id":3673,"date":"2018-08-01T09:25:29","date_gmt":"2018-08-01T07:25:29","guid":{"rendered":"https:\/\/www.hotelletizia.net\/dati-societari\/"},"modified":"2024-10-31T09:40:47","modified_gmt":"2024-10-31T08:40:47","slug":"donnees-de-lentreprise","status":"publish","type":"page","link":"https:\/\/www.hotelletizia.net\/fr\/donnees-de-lentreprise\/","title":{"rendered":"Donn\u00e9es de l&rsquo;entreprise Hotel Letizia"},"content":{"rendered":"<h2>Informations sur l&rsquo;entreprise<\/h2>\n<p><strong>Nom et raison sociale:<\/strong> Hotel Letizia s.a.s di Onofri Andrea &amp; C.<br \/>\n<strong>Si\u00e8ge social :<\/strong>\u00a0Via Caio Plinio 3, 47814 Bellaria Igea Marina (RN)<br \/>\n<strong>Telefon:<\/strong> 0541 331355<br \/>\n<strong>Registre du commerce :<\/strong> Num\u00e9ro de r\u00e9pertoire 111280\/16656 Loc. Rimini (RN)<br \/>\n<strong>Code fiscal et num\u00e9ro de TVA :<\/strong> 04006290409<br \/>\n<strong>Courrier \u00e9lectronique certifi\u00e9 (PEC):<\/strong> hotelletizia@pec.cgn.it<br \/>\n<strong>Bureau d&rsquo;enregistrement o\u00f9 vous \u00eates inscrit :<\/strong> Romagna \u2013 Forl\u00ec &#8211; Cesena e Rimini<br \/>\n<strong>Num\u00e9ro du r\u00e9pertoire administratif \u00e9conomique (Rea):<\/strong> RN\/320739<\/p>\n","protected":false},"excerpt":{"rendered":"<p>Informations sur l&rsquo;entreprise Nom et raison sociale: Hotel Letizia s.a.s di Onofri Andrea &amp; C. Si\u00e8ge social :\u00a0Via Caio Plinio 3, 47814 Bellaria Igea Marina (RN) Telefon: 0541 331355 Registre du commerce : Num\u00e9ro de r\u00e9pertoire 111280\/16656 Loc. Rimini (RN) Code fiscal et num\u00e9ro de TVA : 04006290409 Courrier \u00e9lectronique certifi\u00e9 (PEC): hotelletizia@pec.cgn.it Bureau d&rsquo;enregistrement o\u00f9 vous \u00eates inscrit : Romagna \u2013 Forl\u00ec &#8211; Cesena e Rimini Num\u00e9ro du r\u00e9pertoire &#8230;<\/p>\n","protected":false},"author":1,"featured_media":0,"parent":0,"menu_order":0,"comment_status":"closed","ping_status":"closed","template":"","meta":{"_acf_changed":false},"class_list":["post-3673","page","type-page","status-publish","hentry"],"acf":[],"_links":{"self":[{"href":"https:\/\/www.hotelletizia.net\/fr\/wp-json\/wp\/v2\/pages\/3673","targetHints":{"allow":["GET"]}}],"collection":[{"href":"https:\/\/www.hotelletizia.net\/fr\/wp-json\/wp\/v2\/pages"}],"about":[{"href":"https:\/\/www.hotelletizia.net\/fr\/wp-json\/wp\/v2\/types\/page"}],"author":[{"embeddable":true,"href":"https:\/\/www.hotelletizia.net\/fr\/wp-json\/wp\/v2\/users\/1"}],"replies":[{"embeddable":true,"href":"https:\/\/www.hotelletizia.net\/fr\/wp-json\/wp\/v2\/comments?post=3673"}],"version-history":[{"count":0,"href":"https:\/\/www.hotelletizia.net\/fr\/wp-json\/wp\/v2\/pages\/3673\/revisions"}],"wp:attachment":[{"href":"https:\/\/www.hotelletizia.net\/fr\/wp-json\/wp\/v2\/media?parent=3673"}],"curies":[{"name":"wp","href":"https:\/\/api.w.org\/{rel}","templated":true}]}}