{"id":3671,"date":"2019-02-04T09:29:13","date_gmt":"2019-02-04T08:29:13","guid":{"rendered":"https:\/\/www.hotelletizia.net\/richiesta-inviata\/"},"modified":"2024-10-31T09:34:03","modified_gmt":"2024-10-31T08:34:03","slug":"demande-envoyee","status":"publish","type":"page","link":"https:\/\/www.hotelletizia.net\/fr\/demande-envoyee\/","title":{"rendered":"Inscription \u00e0 la newsletter envoy\u00e9e !"},"content":{"rendered":"<h1 class=\"title-anchor title-heading\">Merci beaucoup d&rsquo;avoir laiss\u00e9 vos coordonn\u00e9es<\/h1>\n<p>Dans quelques minutes, v\u00e9rifiez votre bo\u00eete de r\u00e9ception. Nous vous avons envoy\u00e9 un e-mail pour confirmer votre adresse.<\/p>\n<p><span style=\"font-size: 14pt;\"><strong>Vous savez quoi ?<\/strong><\/span><\/p>\n<p>Certains programmes de messagerie tels que GMail, Libero Mail, etc. peuvent placer par erreur notre e-mail dans le dossier <em>\u00ab Promotions\/Offres \u00bb<\/em> ou dans le dossier <em>\u00ab Spam \u00bb<\/em>.<\/p>\n<p><strong>Nous vous invitons donc \u00e0 v\u00e9rifier ces dossiers et \u00e0 faire glisser notre e-mail dans le dossier \u00ab Principal \u00bb.<\/strong> \ud83d\ude09<\/p>\n","protected":false},"excerpt":{"rendered":"<p>Merci beaucoup d&rsquo;avoir laiss\u00e9 vos coordonn\u00e9es Dans quelques minutes, v\u00e9rifiez votre bo\u00eete de r\u00e9ception. Nous vous avons envoy\u00e9 un e-mail pour confirmer votre adresse. Vous savez quoi ? Certains programmes de messagerie tels que GMail, Libero Mail, etc. peuvent placer par erreur notre e-mail dans le dossier \u00ab Promotions\/Offres \u00bb ou dans le dossier \u00ab Spam \u00bb. Nous vous invitons donc \u00e0 v\u00e9rifier ces dossiers et \u00e0 faire glisser notre &#8230;<\/p>\n","protected":false},"author":1,"featured_media":0,"parent":0,"menu_order":0,"comment_status":"closed","ping_status":"closed","template":"","meta":{"_acf_changed":false},"class_list":["post-3671","page","type-page","status-publish","hentry"],"acf":[],"_links":{"self":[{"href":"https:\/\/www.hotelletizia.net\/fr\/wp-json\/wp\/v2\/pages\/3671","targetHints":{"allow":["GET"]}}],"collection":[{"href":"https:\/\/www.hotelletizia.net\/fr\/wp-json\/wp\/v2\/pages"}],"about":[{"href":"https:\/\/www.hotelletizia.net\/fr\/wp-json\/wp\/v2\/types\/page"}],"author":[{"embeddable":true,"href":"https:\/\/www.hotelletizia.net\/fr\/wp-json\/wp\/v2\/users\/1"}],"replies":[{"embeddable":true,"href":"https:\/\/www.hotelletizia.net\/fr\/wp-json\/wp\/v2\/comments?post=3671"}],"version-history":[{"count":0,"href":"https:\/\/www.hotelletizia.net\/fr\/wp-json\/wp\/v2\/pages\/3671\/revisions"}],"wp:attachment":[{"href":"https:\/\/www.hotelletizia.net\/fr\/wp-json\/wp\/v2\/media?parent=3671"}],"curies":[{"name":"wp","href":"https:\/\/api.w.org\/{rel}","templated":true}]}}