{"id":3666,"date":"2016-08-01T14:55:13","date_gmt":"2016-08-01T12:55:13","guid":{"rendered":"https:\/\/www.hotelletizia.net\/servizi\/"},"modified":"2025-12-15T09:48:52","modified_gmt":"2025-12-15T08:48:52","slug":"services","status":"publish","type":"page","link":"https:\/\/www.hotelletizia.net\/fr\/services\/","title":{"rendered":"Services de l&rsquo;h\u00f4tel"},"content":{"rendered":"<h2>Simplicit\u00e9, hospitalit\u00e9 typique et bonne cuisine<\/h2>\n<p>Notre structure se compose de deux b\u00e2timents, la maison principale et l&rsquo;annexe, avec des chambres dot\u00e9es des m\u00eames services. <strong>Nous sommes situ\u00e9s \u00e0 proximit\u00e9 imm\u00e9diate de l&rsquo;\u00eele pi\u00e9tonne d&rsquo;Igea Marina<\/strong> et \u00e0 environ 500 m\u00e8tres du parc urbain, <strong>une oasis de paix et de s\u00e9r\u00e9nit\u00e9 entour\u00e9e de verdure<\/strong>. Ceux qui souhaitent se d\u00e9tendre loin de la mer peuvent y acc\u00e9der en quelques minutes de marche.<\/p>\n<p>Nous avons le plaisir de vous recevoir dans un environnement sobre et accueillant, dot\u00e9 de<strong> tout le confort<\/strong>. Dans le salon ainsi que dans les chambres il y a un <strong>signal Wi-Fi<\/strong> qui vous permettra d&rsquo;acc\u00e9der gratuitement \u00e0 Internet avec un confort absolu.<\/p>\n<p><strong><span style=\"font-size: 16pt;\">Et puis&#8230; rappelez-vous que vous \u00eates sur la Riviera Romagnola \ud83d\ude42<\/span><\/strong><\/p>\n<p>Pour vous amuser, vous trouverez des possibilit\u00e9s infinies : des parcs d&rsquo;attractions aux nombreuses activit\u00e9s organis\u00e9es par la ville, des animations sur la plage aux soir\u00e9es et \u00e9v\u00e9nements.<br \/>\nPour d\u00e9couvrir de nouveaux coins de la Romagne, nous pouvons vous conseiller sur la fa\u00e7on de rejoindre les villages, les ch\u00e2teaux et les mus\u00e9es sp\u00e9ciaux.<br \/>\nPour un petit aper\u00e7u des \u00e9v\u00e9nements \u00e0 Bellaria Igea marina<br \/>\n\ud83d\udc49 <a href=\"https:\/\/www.hotelletizia.net\/fr\/evenements-bellaria-igea-marina\/\"><strong>regardez ici<\/strong><\/a><\/p>\n","protected":false},"excerpt":{"rendered":"<p>Simplicit\u00e9, hospitalit\u00e9 typique et bonne cuisine Notre structure se compose de deux b\u00e2timents, la maison principale et l&rsquo;annexe, avec des chambres dot\u00e9es des m\u00eames services. Nous sommes situ\u00e9s \u00e0 proximit\u00e9 imm\u00e9diate de l&rsquo;\u00eele pi\u00e9tonne d&rsquo;Igea Marina et \u00e0 environ 500 m\u00e8tres du parc urbain, une oasis de paix et de s\u00e9r\u00e9nit\u00e9 entour\u00e9e de verdure. Ceux qui souhaitent se d\u00e9tendre loin de la mer peuvent y acc\u00e9der en quelques minutes de &#8230;<\/p>\n","protected":false},"author":1,"featured_media":0,"parent":0,"menu_order":0,"comment_status":"closed","ping_status":"closed","template":"template\/template.servizi.php","meta":{"_acf_changed":false},"class_list":["post-3666","page","type-page","status-publish","hentry"],"acf":[],"_links":{"self":[{"href":"https:\/\/www.hotelletizia.net\/fr\/wp-json\/wp\/v2\/pages\/3666","targetHints":{"allow":["GET"]}}],"collection":[{"href":"https:\/\/www.hotelletizia.net\/fr\/wp-json\/wp\/v2\/pages"}],"about":[{"href":"https:\/\/www.hotelletizia.net\/fr\/wp-json\/wp\/v2\/types\/page"}],"author":[{"embeddable":true,"href":"https:\/\/www.hotelletizia.net\/fr\/wp-json\/wp\/v2\/users\/1"}],"replies":[{"embeddable":true,"href":"https:\/\/www.hotelletizia.net\/fr\/wp-json\/wp\/v2\/comments?post=3666"}],"version-history":[{"count":0,"href":"https:\/\/www.hotelletizia.net\/fr\/wp-json\/wp\/v2\/pages\/3666\/revisions"}],"wp:attachment":[{"href":"https:\/\/www.hotelletizia.net\/fr\/wp-json\/wp\/v2\/media?parent=3666"}],"curies":[{"name":"wp","href":"https:\/\/api.w.org\/{rel}","templated":true}]}}