{"id":3664,"date":"2016-08-01T15:06:50","date_gmt":"2016-08-01T13:06:50","guid":{"rendered":"https:\/\/www.hotelletizia.net\/cucina\/"},"modified":"2026-01-05T12:57:02","modified_gmt":"2026-01-05T11:57:02","slug":"cuisine","status":"publish","type":"page","link":"https:\/\/www.hotelletizia.net\/fr\/cuisine\/","title":{"rendered":"Notre cuisine&#8230;"},"content":{"rendered":"<h2>&#8230;authentique, romagnole et fra\u00eeche<\/h2>\n<p>De retour de la plage, avec encore la chaleur du soleil sur la peau et l&rsquo;envie de se sentir bien, nous vous servons le go\u00fbt de la t<strong>radition romagnole avec une cuisine suivie directement par nous, par la famille Onofri.<\/strong><\/p>\n<p>Chaque jour, dans notre salle \u00e0 manger, un monde de hublots et de murs bleus comme la mer, de miroirs r\u00e9fractant la lumi\u00e8re, vous trouverez un savoureux <strong>buffet de l\u00e9gumes et d&rsquo;accompagnements<\/strong> &#8211; chauds et froids &#8211; ainsi que trois entr\u00e9es et trois plats avec du poisson tous les jours.<\/p>\n<p>Nous cuisinons pour vous ce que nous avons toujours aim\u00e9 manger, aussi parce que <strong>derri\u00e8re les fourneaux se trouve Daniela<\/strong>, <strong>qui perp\u00e9tue la tradition familiale<\/strong> du bon go\u00fbt. Dans la salle de service, vous trouverez le personnel, pr\u00eat \u00e0 \u00e9couter toutes vos demandes, car votre satisfaction est une priorit\u00e9 pour nous.<\/p>\n","protected":false},"excerpt":{"rendered":"<p>&#8230;authentique, romagnole et fra\u00eeche De retour de la plage, avec encore la chaleur du soleil sur la peau et l&rsquo;envie de se sentir bien, nous vous servons le go\u00fbt de la tradition romagnole avec une cuisine suivie directement par nous, par la famille Onofri. Chaque jour, dans notre salle \u00e0 manger, un monde de hublots et de murs bleus comme la mer, de miroirs r\u00e9fractant la lumi\u00e8re, vous trouverez un &#8230;<\/p>\n","protected":false},"author":1,"featured_media":0,"parent":0,"menu_order":0,"comment_status":"closed","ping_status":"closed","template":"template\/template.cucina.php","meta":{"_acf_changed":false},"class_list":["post-3664","page","type-page","status-publish","hentry"],"acf":[],"_links":{"self":[{"href":"https:\/\/www.hotelletizia.net\/fr\/wp-json\/wp\/v2\/pages\/3664","targetHints":{"allow":["GET"]}}],"collection":[{"href":"https:\/\/www.hotelletizia.net\/fr\/wp-json\/wp\/v2\/pages"}],"about":[{"href":"https:\/\/www.hotelletizia.net\/fr\/wp-json\/wp\/v2\/types\/page"}],"author":[{"embeddable":true,"href":"https:\/\/www.hotelletizia.net\/fr\/wp-json\/wp\/v2\/users\/1"}],"replies":[{"embeddable":true,"href":"https:\/\/www.hotelletizia.net\/fr\/wp-json\/wp\/v2\/comments?post=3664"}],"version-history":[{"count":0,"href":"https:\/\/www.hotelletizia.net\/fr\/wp-json\/wp\/v2\/pages\/3664\/revisions"}],"wp:attachment":[{"href":"https:\/\/www.hotelletizia.net\/fr\/wp-json\/wp\/v2\/media?parent=3664"}],"curies":[{"name":"wp","href":"https:\/\/api.w.org\/{rel}","templated":true}]}}