{"id":3662,"date":"2016-12-23T11:10:32","date_gmt":"2016-12-23T10:10:32","guid":{"rendered":"https:\/\/www.hotelletizia.net\/offerte-vacanze\/"},"modified":"2025-12-15T09:57:08","modified_gmt":"2025-12-15T08:57:08","slug":"offres-de-vacances","status":"publish","type":"page","link":"https:\/\/www.hotelletizia.net\/fr\/offres-de-vacances\/","title":{"rendered":"Offres de vacances"},"content":{"rendered":"<h2>Voici toutes les offres con\u00e7ues pour vos vacances \u00e0 Bellaria Igea Marina.<br \/>\nDe mai \u00e0 septembre, des forfaits familiaux et des occasions \u00e0 ne pas manquer pour \u00e9conomiser de l&rsquo;argent !<\/h2>\n<p>Si vous avez h\u00e2te de partir \u00e0 la mer et que vous cherchez l&rsquo;offre id\u00e9ale, vous \u00eates sur la bonne page. L&rsquo;<strong>H\u00f4tel Letizia \u00e0 Bellaria Igea Marina<\/strong> vous propose les meilleures offres d\u00e9di\u00e9es aux mois de mai, juin, juillet, ao\u00fbt et septembre, pour vos vacances sur la c\u00f4te adriatique. Vous voyagez <strong>en couple ? En famille ? Ou avec des amis<\/strong> ? Ici, vous trouverez toujours l&rsquo;occasion de passer des <strong>vacances sans soucis \u00e0 Bellaria Igea Marina<\/strong> !<\/p>\n<h3><span style=\"font-size: 14pt;\">R\u00e9servez au meilleur prix et d\u00e9couvrez toutes les offres de l&rsquo;h\u00f4tel Letizia.<\/span><\/h3>\n","protected":false},"excerpt":{"rendered":"<p>Voici toutes les offres con\u00e7ues pour vos vacances \u00e0 Bellaria Igea Marina. De mai \u00e0 septembre, des forfaits familiaux et des occasions \u00e0 ne pas manquer pour \u00e9conomiser de l&rsquo;argent ! Si vous avez h\u00e2te de partir \u00e0 la mer et que vous cherchez l&rsquo;offre id\u00e9ale, vous \u00eates sur la bonne page. L&rsquo;H\u00f4tel Letizia \u00e0 Bellaria Igea Marina vous propose les meilleures offres d\u00e9di\u00e9es aux mois de mai, juin, juillet, &#8230;<\/p>\n","protected":false},"author":1,"featured_media":0,"parent":0,"menu_order":0,"comment_status":"closed","ping_status":"closed","template":"template\/template.offerte.php","meta":{"_acf_changed":false},"class_list":["post-3662","page","type-page","status-publish","hentry"],"acf":[],"_links":{"self":[{"href":"https:\/\/www.hotelletizia.net\/fr\/wp-json\/wp\/v2\/pages\/3662","targetHints":{"allow":["GET"]}}],"collection":[{"href":"https:\/\/www.hotelletizia.net\/fr\/wp-json\/wp\/v2\/pages"}],"about":[{"href":"https:\/\/www.hotelletizia.net\/fr\/wp-json\/wp\/v2\/types\/page"}],"author":[{"embeddable":true,"href":"https:\/\/www.hotelletizia.net\/fr\/wp-json\/wp\/v2\/users\/1"}],"replies":[{"embeddable":true,"href":"https:\/\/www.hotelletizia.net\/fr\/wp-json\/wp\/v2\/comments?post=3662"}],"version-history":[{"count":0,"href":"https:\/\/www.hotelletizia.net\/fr\/wp-json\/wp\/v2\/pages\/3662\/revisions"}],"wp:attachment":[{"href":"https:\/\/www.hotelletizia.net\/fr\/wp-json\/wp\/v2\/media?parent=3662"}],"curies":[{"name":"wp","href":"https:\/\/api.w.org\/{rel}","templated":true}]}}