{"id":3659,"date":"2017-09-15T16:02:24","date_gmt":"2017-09-15T14:02:24","guid":{"rendered":"https:\/\/www.hotelletizia.net\/indicazioni-stradali\/"},"modified":"2025-12-15T10:46:16","modified_gmt":"2025-12-15T09:46:16","slug":"directions","status":"publish","type":"page","link":"https:\/\/www.hotelletizia.net\/fr\/directions\/","title":{"rendered":"O\u00f9 nous sommes"},"content":{"rendered":"<h2>L&rsquo;acc\u00e8s \u00e0 l&rsquo;h\u00f4tel Letizia est facile, quel que soit le moyen que vous d\u00e9cidez d&rsquo;utiliser<\/h2>\n<p>L&rsquo;h\u00f4tel Letizia d&rsquo;Igea Marina b\u00e9n\u00e9ficie d&rsquo;un emplacement tr\u00e8s pratique : tout pr\u00e8s de la mer et \u00e0 deux pas de la zone pi\u00e9tonne du centre d&rsquo;Igea Marina.<br \/>\nLe cadre est calme et s\u00fbr, parfait pour se d\u00e9connecter et passer des vacances reposantes et insouciantes, entre mer, soleil, excellente cuisine et d\u00e9tente pure.<\/p>\n<h3><img loading=\"lazy\" decoding=\"async\" class=\"alignleft wp-image-538\" src=\"https:\/\/www.hotelletizia.net\/wp-content\/uploads\/2018\/06\/car-128x128.png\" alt=\"\" width=\"60\" height=\"60\" data-big-size=\"128x128\" \/>En voiture :<\/h3>\n<p>De l&rsquo;autoroute A14, prendre la sortie Rimini Nord, tourner \u00e0 droite et au rond-point avec un grand M sur lequel est \u00e9crit MITICA, prendre la troisi\u00e8me sortie et prendre Via Tolemaide ; aller jusqu&rsquo;au grand rond-point vert et prendre la deuxi\u00e8me sortie (tout droit) vers la mer.<br \/>\nTournez \u00e0 gauche, continuez pendant 4 kilom\u00e8tres et arrivez \u00e0 Bagno 59 : tournez \u00e0 gauche dans la Via Caio Plinio. Vous \u00eates arriv\u00e9s !<br \/>\n<strong>Autoroutes<\/strong> : www.autostrade.it<\/p>\n<h3><img loading=\"lazy\" decoding=\"async\" class=\"alignleft wp-image-539\" src=\"https:\/\/www.hotelletizia.net\/wp-content\/uploads\/2018\/06\/train-128x128.png\" alt=\"\" width=\"60\" height=\"60\" data-big-size=\"128x128\" \/>En train\/en bus<\/h3>\n<p>Depuis la gare de Rimini, prenez la ligne Rimini-Ravenna. Une fois arriv\u00e9 \u00e0 la station Igea Marina, l&rsquo;h\u00f4tel Letizia se trouve \u00e0 environ 1 kilom\u00e8tre.<br \/>\nVous pouvez \u00e9galement prendre le bus num\u00e9ro 4 (direction Bellaria-San Mauro Mare) depuis l&rsquo;arr\u00eat de la gare de Rimini et descendre \u00e0 l&rsquo;arr\u00eat PISANI DANDOLO, \u00e0 quelques pas de l&rsquo;h\u00f4tel Letizia. Vous vous trouverez \u00e0 proximit\u00e9 imm\u00e9diate d&rsquo;une petite marche que vous devrez emprunter apr\u00e8s environ 50 m\u00e8tres. Vous vous trouverez sur la Via OVIDIO (<em>\u00eelot pi\u00e9tonnier<\/em>), continuez \u00e0 gauche, passez le carrefour (il y a un supermarch\u00e9 A&amp;O sur la droite) et prenez la premi\u00e8re \u00e0 droite dans la Via Caio Plinio.<\/p>\n<p><strong>Trains:<\/strong> www.trenitalia.it \u2013 <strong>Bus:<\/strong> www.tram.rimini.it<\/p>\n<p><img loading=\"lazy\" decoding=\"async\" class=\"alignleft wp-image-537\" src=\"https:\/\/www.hotelletizia.net\/wp-content\/uploads\/2018\/06\/air-plane-128x128.png\" alt=\"\" width=\"60\" height=\"60\" data-big-size=\"128x128\" \/><\/p>\n<h3>En avion :<\/h3>\n<p><span style=\"font-weight: 400;\"><strong>Nouveaut\u00e9 2025<\/strong> : se rendre \u00e0 la mer est encore plus facile. Nouveaux vols hebdomadaires EasyJet de <strong>B\u00e2le<\/strong> (Suisse) \u00e0 <strong>Rimini<\/strong> en seulement 1 heure et 30 minutes, disponibles d\u2019avril \u00e0 octobre.<\/span><\/p>\n<p><strong>A\u00e9roport civil F.Fellini de Rimini <\/strong>(distance d&rsquo;environ 20 km)<br \/>\n<strong>A\u00e9roport G. Marconi de Bologne<\/strong> (distance d&rsquo;environ 120 km).<br \/>\nDepuis l&rsquo;a\u00e9roport, vous trouverez des transports publics (bus ou trains) pour rejoindre Igea Marina, ou des services de location de voitures.<br \/>\n<\/p>\n","protected":false},"excerpt":{"rendered":"<p>L&rsquo;acc\u00e8s \u00e0 l&rsquo;h\u00f4tel Letizia est facile, quel que soit le moyen que vous d\u00e9cidez d&rsquo;utiliser L&rsquo;h\u00f4tel Letizia d&rsquo;Igea Marina b\u00e9n\u00e9ficie d&rsquo;un emplacement tr\u00e8s pratique : tout pr\u00e8s de la mer et \u00e0 deux pas de la zone pi\u00e9tonne du centre d&rsquo;Igea Marina. Le cadre est calme et s\u00fbr, parfait pour se d\u00e9connecter et passer des vacances reposantes et insouciantes, entre mer, soleil, excellente cuisine et d\u00e9tente pure. En voiture : &#8230;<\/p>\n","protected":false},"author":1,"featured_media":0,"parent":0,"menu_order":0,"comment_status":"closed","ping_status":"closed","template":"template\/template.punti-di-interesse.php","meta":{"_acf_changed":false},"class_list":["post-3659","page","type-page","status-publish","hentry"],"acf":[],"_links":{"self":[{"href":"https:\/\/www.hotelletizia.net\/fr\/wp-json\/wp\/v2\/pages\/3659","targetHints":{"allow":["GET"]}}],"collection":[{"href":"https:\/\/www.hotelletizia.net\/fr\/wp-json\/wp\/v2\/pages"}],"about":[{"href":"https:\/\/www.hotelletizia.net\/fr\/wp-json\/wp\/v2\/types\/page"}],"author":[{"embeddable":true,"href":"https:\/\/www.hotelletizia.net\/fr\/wp-json\/wp\/v2\/users\/1"}],"replies":[{"embeddable":true,"href":"https:\/\/www.hotelletizia.net\/fr\/wp-json\/wp\/v2\/comments?post=3659"}],"version-history":[{"count":0,"href":"https:\/\/www.hotelletizia.net\/fr\/wp-json\/wp\/v2\/pages\/3659\/revisions"}],"wp:attachment":[{"href":"https:\/\/www.hotelletizia.net\/fr\/wp-json\/wp\/v2\/media?parent=3659"}],"curies":[{"name":"wp","href":"https:\/\/api.w.org\/{rel}","templated":true}]}}