{"id":3657,"date":"2017-10-19T16:13:46","date_gmt":"2017-10-19T14:13:46","guid":{"rendered":"https:\/\/www.hotelletizia.net\/dicono-di-noi\/"},"modified":"2024-10-31T08:31:49","modified_gmt":"2024-10-31T07:31:49","slug":"avis","status":"publish","type":"page","link":"https:\/\/www.hotelletizia.net\/fr\/avis\/","title":{"rendered":"Avis"},"content":{"rendered":"<h2>Lire les commentaires des clients de l&rsquo;h\u00f4tel Letizia<b><\/b><\/h2>\n<p>Pour nous, \u00e0 l&rsquo;h\u00f4tel Letizia, les gens sont importants. <strong>Les mots sinc\u00e8res de chaque h\u00f4te sont toujours une occasion de continuer \u00e0 faire notre travail avec passion et de nous am\u00e9liorer constamment.<\/strong> Merci \u00e0 ceux qui prennent quelques minutes pour \u00e9crire leur commentaire, merci \u00e0 ceux qui, apr\u00e8s la premi\u00e8re fois, reviennent nous rendre visite chaque \u00e9t\u00e9.<\/p>\n","protected":false},"excerpt":{"rendered":"<p>Lire les commentaires des clients de l&rsquo;h\u00f4tel Letizia Pour nous, \u00e0 l&rsquo;h\u00f4tel Letizia, les gens sont importants. Les mots sinc\u00e8res de chaque h\u00f4te sont toujours une occasion de continuer \u00e0 faire notre travail avec passion et de nous am\u00e9liorer constamment. Merci \u00e0 ceux qui prennent quelques minutes pour \u00e9crire leur commentaire, merci \u00e0 ceux qui, apr\u00e8s la premi\u00e8re fois, reviennent nous rendre visite chaque \u00e9t\u00e9.<\/p>\n","protected":false},"author":1,"featured_media":0,"parent":0,"menu_order":0,"comment_status":"closed","ping_status":"closed","template":"template\/template.feedback.php","meta":{"_acf_changed":false},"class_list":["post-3657","page","type-page","status-publish","hentry"],"acf":[],"_links":{"self":[{"href":"https:\/\/www.hotelletizia.net\/fr\/wp-json\/wp\/v2\/pages\/3657","targetHints":{"allow":["GET"]}}],"collection":[{"href":"https:\/\/www.hotelletizia.net\/fr\/wp-json\/wp\/v2\/pages"}],"about":[{"href":"https:\/\/www.hotelletizia.net\/fr\/wp-json\/wp\/v2\/types\/page"}],"author":[{"embeddable":true,"href":"https:\/\/www.hotelletizia.net\/fr\/wp-json\/wp\/v2\/users\/1"}],"replies":[{"embeddable":true,"href":"https:\/\/www.hotelletizia.net\/fr\/wp-json\/wp\/v2\/comments?post=3657"}],"version-history":[{"count":0,"href":"https:\/\/www.hotelletizia.net\/fr\/wp-json\/wp\/v2\/pages\/3657\/revisions"}],"wp:attachment":[{"href":"https:\/\/www.hotelletizia.net\/fr\/wp-json\/wp\/v2\/media?parent=3657"}],"curies":[{"name":"wp","href":"https:\/\/api.w.org\/{rel}","templated":true}]}}