{"id":3654,"date":"2017-11-07T12:18:23","date_gmt":"2017-11-07T11:18:23","guid":{"rendered":"https:\/\/www.hotelletizia.net\/richiesta-preventivo\/"},"modified":"2024-10-30T12:25:00","modified_gmt":"2024-10-30T11:25:00","slug":"demande-de-devis","status":"publish","type":"page","link":"https:\/\/www.hotelletizia.net\/fr\/demande-de-devis\/","title":{"rendered":"Demande de devis"},"content":{"rendered":"<div id=\"efb-form-17\" class=\"edita-form-builder-container\"><form id=\"richiesta-preventivo-17\" class=\"edita-form-builder  edtrack-preventivo-sito efb-form-17 \" method=\"post\" enctype=\"multipart\/form-data\" >\n\n\t<input type=\"hidden\" name=\"form_id\" value=\"17\" \/><input type=\"hidden\" name=\"lang\" value=\"fr\" \/><input type=\"hidden\" name=\"pid\" value=\"3654\" \/><input type=\"hidden\" name=\"form-email-newsletter-it-si\" value=\"329506A6-B13A-4B25-8DEA-FAA48F90ADC7\" \/><input type=\"hidden\" name=\"form-email-newsletter-it-no\" value=\"\" \/><input type=\"hidden\" name=\"form-email-newsletter-de-si\" value=\"3245B658-B2EE-43E1-83AE-39A3889583FC\" \/><input type=\"hidden\" name=\"form-email-newsletter-de-no\" value=\"\" \/><input type=\"hidden\" name=\"form-email-newsletter-en-si\" value=\"48BA0C4F-23EF-4571-AA2B-748787162B35\" \/><input type=\"hidden\" name=\"form-email-newsletter-en-no\" value=\"\" \/><input type=\"hidden\" name=\"form-email-newsletter-fr-si\" value=\"A5C0844D-6B6C-47FC-8685-78303AF80D46\" \/><input type=\"hidden\" name=\"form-email-newsletter-fr-no\" value=\"\" \/><input type=\"hidden\" id=\"edita_form_builder_nonce\" name=\"edita_form_builder_nonce\" value=\"d77e90b501\" \/><input type=\"hidden\" name=\"_wp_http_referer\" value=\"\/fr\/wp-json\/wp\/v2\/pages\/3654\" \/><fieldset class=\"efb-fieldset efb-fieldset-1 richiesta-preventivo \" id=\"item-efb-300\"><div class=\"efb-legend\"><div class=\"h3\">Demande de devis<\/div><\/div><ul class=\"efb-section efb-section-1\"><li class=\"title-open-date \" id=\"efb-open-date\">\n\t\t\t\t\t\t\t\t\t<label class=\"section-title\" >Dates de s\u00e9jour <span class=\"efb-required-asterisk\">*<\/span><\/label>\n\t\t\t\t\t\t\t\t\t<div class=\"fakeinput\" role=\"button\" tabindex=\"0\" aria-haspopup=\"dialog\" aria-controls=\"item-efb-385\" aria-label=\"Dates de s\u00e9jour\"><\/div>\n\t\t\t\t\t\t\t\t\t<input type=\"hidden\" name=\"room_data\" class=\"required\" id=\"room_data\" \/>\n\t\t\t\t\t\t\t\t\t<ul id=\"item-efb-385\" class=\"efb-section-div open-date\"><li class=\"efb-item efb-item-date-range    sectionValue\" id=\"item-efb-407\"><label for=\"efb-407\" class=\"efb-desc\">P\u00e9riode de s\u00e9jour  <span class=\"efb-required-asterisk\">*<\/span><\/label><div class=\"offcanvas-form offcanvas-form-rangepicker\">\n\t\t\t\t\t<label for=\"efb-407-1\">Arriv\u00e9e<\/label>\n\t\t\t\t\t<input type=\"text\" name=\"efb-407-1\" readonly=\"readonly\" id=\"efb-407-1\" value=\"\" class=\"efb-text dp_arrivo arrivo daterangepicker edtrack-checkin  efb-large  required  sectionValue\" placeholder=\"\" \/><span class=\" visibleIcon\" style=\"\"><\/span>\n\t\t\t\t\t<label for=\"efb-407-2\">D\u00e9part<\/label>\n\t\t\t\t\t<input type=\"text\" name=\"efb-407-2\" readonly=\"readonly\" id=\"efb-407-2\" value=\"\" class=\"efb-text dp_partenza partenza daterangepicker edtrack-checkout  efb-large  required  sectionValue\" placeholder=\"\" \/><span class=\" visibleIcon\" style=\"\"><\/span>\n\t\t\t\t<div>\n\t\t\t\t<\/li><div class=\"sectionFooter\"><a href=\"#\" class=\"closeSection closeSectionFooter efb-done\" id=\"closeSection-%1$s\"><span class=\"visibleIcon\" ><\/span>OK J'AI FAIT<\/a>\n\t\t\t<a href=\"#\" class=\"closeSection closeSectionFooter efb-cancel\" id=\"closeSection-removedata\"><span class=\"visibleIcon\" ><\/span>annuler<\/a><\/div><\/ul><\/li><div class=\"efb-clear\"><\/div><li class=\"efb-item efb-item-text   efb-left-half \" id=\"item-efb-303\"><label for=\"efb-303\" class=\"efb-desc\">Nom  <span class=\"efb-required-asterisk\">*<\/span><\/label><input type=\"text\" name=\"efb-303\" id=\"efb-303\" value=\"\" class=\"efb-text  efb-medium  required  \" placeholder=\"\" \/><span class=\" visibleIcon\" ><\/span><\/li><li class=\"efb-item efb-item-text   efb-right-half \" id=\"item-efb-428\"><label for=\"efb-428\" class=\"efb-desc\">Nom de famille  <span class=\"efb-required-asterisk\">*<\/span><\/label><input type=\"text\" name=\"efb-428\" id=\"efb-428\" value=\"\" class=\"efb-text  efb-large  required  \" placeholder=\"\" \/><span class=\" visibleIcon\" ><\/span><\/li><li class=\"efb-item efb-item-email   efb-left-third \" id=\"item-efb-307\"><label for=\"efb-307\" class=\"efb-desc\">Email  <span class=\"efb-required-asterisk\">*<\/span><\/label><input type=\"email\" name=\"efb-307\" id=\"efb-307\" value=\"\" class=\"efb-text  efb-large  required  email \" placeholder=\"\" \/><span class=\" visibleIcon\" ><\/span><\/li><li class=\"efb-item efb-item-select   efb-middle-third  prefisso-telefonico\" id=\"item-efb-429\"><label for=\"efb-429\" class=\"efb-desc\">Indicatif r\u00e9gional <\/label><span class=\"select-container\"><select name=\"efb-429\" id=\"efb-429\" class=\"efb-select  efb-large   prefisso-telefonico\" ><option value=\"\" >-- Indiquez le pr\u00e9fixe --<\/option><option value=\"39\" >+39 Italy<\/option><option value=\"41\" >+41 Swiss<\/option><option value=\"43\" >+43 Austria<\/option><option value=\"32\" >+32 Belgium<\/option><option value=\"33\" >+33 France<\/option><option value=\"49\" >+49 Germany<\/option><option value=\"352\" >+352 Luxembourg<\/option><\/select><span class=\" visibleIcon\" ><\/span><\/span><\/li><li class=\"efb-item efb-item-text   efb-right-third  telefono\" id=\"item-efb-302\"><label for=\"efb-302\" class=\"efb-desc\">T\u00e9l\u00e9phone <\/label><input type=\"text\" name=\"efb-302\" id=\"efb-302\" value=\"\" class=\"efb-text  efb-medium    telefono\" placeholder=\"\" \/><span class=\" visibleIcon\" ><\/span><\/li><li class=\"efb-item efb-item-select   \" id=\"item-efb-306\"><label for=\"efb-306\" class=\"efb-desc\">Traitement  <span class=\"efb-required-asterisk\">*<\/span><\/label><span class=\"select-container\"><select name=\"efb-306\" id=\"efb-306\" class=\"efb-select  efb-large  required \" ><option value=\"ai\" >Tout compris<\/option><option value=\"fb\" >Pension compl\u00e8te<\/option><option value=\"hb\" >Demi-pension<\/option><option value=\"bb\" >Chambres d'h\u00f4tes<\/option><option value=\"ob\" >Chambre seulement<\/option><\/select><span class=\" visibleIcon\" ><\/span><\/span><\/li><li class=\"title-open-room \" id=\"efb-open-room\">\n\t\t\t\t\t\t\t\t\t<label class=\"section-title\" >Chambres et h\u00f4tes <span class=\"efb-required-asterisk\">*<\/span><\/label>\n\t\t\t\t\t\t\t\t\t<div class=\"fakeinput\" role=\"button\" tabindex=\"0\" aria-haspopup=\"dialog\" aria-controls=\"item-efb-384\" aria-label=\"Chambres et h\u00f4tes\"><\/div>\n\t\t\t\t\t\t\t\t\t<input type=\"hidden\" name=\"room_data\" class=\"required\" id=\"room_data\" \/>\n\t\t\t\t\t\t\t\t\t<ul id=\"item-efb-384\" class=\"efb-section-div open-room\"><li class=\"efb-item efb-item-plus-minus    efb-rooms sectionValue first\" id=\"item-efb-309\"><label for=\"efb-309\" class=\"efb-desc\">Chambres  <span class=\"efb-required-asterisk\">*<\/span><\/label><div class=\"plusminus-content count-input space-bottom\" id=\"plusminus-content-efb-309\">\n\t\t\t\t\t                                <input class=\"efb-text quantity  efb-large  required   efb-rooms sectionValue first __readonly\" type=\"text\" name=\"efb-309\" id=\"efb-309\" value=\"1\" readonly \/>\n\t\t\t\t\t                                <a class=\"incr-btn dec\" data-action=\"decrease\" href=\"#\">\u2013<\/a><a class=\"incr-btn inc\" data-action=\"increase\" href=\"#\">&plus;<\/a>\n\t\t\t\t\t\t                        <\/div><script type=\"text\/javascript\">\n\t\t\t\t\t\t\t\t\tjQuery( \"#plusminus-content-efb-309\" ).on( \"click\", \".incr-btn\" ,function (e) {\t\n\t\t\t\t\t\t\t\t        var $button = jQuery( this );\n\t\t\t\t\t\t\t\t        var oldValue = $button.parent().find( '#efb-309' ).val();\n\t\t\t\t\t\t\t\t        $button.parent().find( '.incr-btn[ data-action = \"decrease\" ]' ).removeClass( 'inactive' );\n\n\t\t\t\t\t\t\t\t\t\t\/\/ se il valore iniziale \u00e8 una stringa vuota devo considerare come valore 0\n\t\t\t\t\t\t\t\t\t\t\/\/ altrimenti non riesce a incrementare il valore\n\t\t\t\t\t\t\t\t\t\tif( isNaN( oldValue ) || oldValue == \"\" ) {\n\t\t\t\t\t\t\t\t\t\t\toldValue = 0;\n\t\t\t\t\t\t\t\t\t\t}\n\n\t\t\t\t\t\t\t\t        if ( $button.data( 'action' ) == \"increase\" ) {\n\t\t\t\t\t\t\t\t\t\t\tvar newVal = 0;\n\t\t\t\t\t\t\t\t\t\t\tif( parseFloat(oldValue) < 3 ){\n\t\t\t\t\t\t\t\t\t\t\t    newVal = parseFloat( oldValue ) + 1;\n\t\t\t\t\t\t\t\t            }else{\n\t\t\t\t\t\t\t\t\t\t\t\tnewVal = 0;\n\t\t\t\t\t\t\t\t\t            return false;\n\t\t\t\t\t\t\t\t\t        }\n\t\t\t\t\t\t\t\t            \n\t\t\t\t\t\t\t\t        } else {\n\t\t\t\t\t\t\t\t\t        \n\t\t\t\t\t\t\t\t\t\t\t\/\/ Don't allow decrementing below 1\n\t\t\t\t\t\t\t\t\t\t\tvar newVal = 0;\n\n\t\t\t\t\t\t\t\t            if ( oldValue > 1 ) {\n\t\t\t\t\t\t\t\t                var newVal = parseFloat( oldValue ) - 1;\n\t\t\t\t\t\t\t\t            } else {\n\t\t\t\t\t\t\t\t                newVal = 0;\n\t\t\t\t\t\t\t\t                $button.addClass( 'inactive' );\n\t\t\t\t\t\t\t\t            }\n\t\t\t\t\t\t\t\t        }\n\t\t\t\t\t\t\t\t        $button.parent().find( '.quantity' ).val( newVal ).trigger( \"change\" );\n\t\t\t\t\t\t\t\t        e.preventDefault();\n\t\t\t\t\t\t\t\t\t\t\n\t\t\t\t\t\t\t\t    });\n\t\t\t\t\t\t\t\t    \n\t\t\t\t\t\t\t    <\/script><\/li><li class=\"efb-item efb-item-plus-minus    efb-adults roomone sectionValue first edtrack-adults\" id=\"item-efb-310\"><label for=\"efb-310\" class=\"efb-desc\">Adultes  <span class=\"efb-required-asterisk\">*<\/span><\/label><div class=\"plusminus-content count-input space-bottom\" id=\"plusminus-content-efb-310\">\n\t\t\t\t\t                                <input class=\"efb-text quantity  efb-large  required   efb-adults roomone sectionValue first edtrack-adults __readonly\" type=\"text\" name=\"efb-310\" id=\"efb-310\" value=\"1\" readonly \/>\n\t\t\t\t\t                                <a class=\"incr-btn dec\" data-action=\"decrease\" href=\"#\">\u2013<\/a><a class=\"incr-btn inc\" data-action=\"increase\" href=\"#\">&plus;<\/a>\n\t\t\t\t\t\t                        <\/div><script type=\"text\/javascript\">\n\t\t\t\t\t\t\t\t\tjQuery( \"#plusminus-content-efb-310\" ).on( \"click\", \".incr-btn\" ,function (e) {\t\n\t\t\t\t\t\t\t\t        var $button = jQuery( this );\n\t\t\t\t\t\t\t\t        var oldValue = $button.parent().find( '#efb-310' ).val();\n\t\t\t\t\t\t\t\t        $button.parent().find( '.incr-btn[ data-action = \"decrease\" ]' ).removeClass( 'inactive' );\n\n\t\t\t\t\t\t\t\t\t\t\/\/ se il valore iniziale \u00e8 una stringa vuota devo considerare come valore 0\n\t\t\t\t\t\t\t\t\t\t\/\/ altrimenti non riesce a incrementare il valore\n\t\t\t\t\t\t\t\t\t\tif( isNaN( oldValue ) || oldValue == \"\" ) {\n\t\t\t\t\t\t\t\t\t\t\toldValue = 0;\n\t\t\t\t\t\t\t\t\t\t}\n\n\t\t\t\t\t\t\t\t        if ( $button.data( 'action' ) == \"increase\" ) {\n\t\t\t\t\t\t\t\t\t\t\tvar newVal = 0;\n\t\t\t\t\t\t\t\t\t\t\tif( parseFloat(oldValue) < 5 ){\n\t\t\t\t\t\t\t\t\t\t\t    newVal = parseFloat( oldValue ) + 1;\n\t\t\t\t\t\t\t\t            }else{\n\t\t\t\t\t\t\t\t\t\t\t\tnewVal = 0;\n\t\t\t\t\t\t\t\t\t            return false;\n\t\t\t\t\t\t\t\t\t        }\n\t\t\t\t\t\t\t\t            \n\t\t\t\t\t\t\t\t        } else {\n\t\t\t\t\t\t\t\t\t        \n\t\t\t\t\t\t\t\t\t\t\t\/\/ Don't allow decrementing below 1\n\t\t\t\t\t\t\t\t\t\t\tvar newVal = 0;\n\n\t\t\t\t\t\t\t\t            if ( oldValue > 1 ) {\n\t\t\t\t\t\t\t\t                var newVal = parseFloat( oldValue ) - 1;\n\t\t\t\t\t\t\t\t            } else {\n\t\t\t\t\t\t\t\t                newVal = 0;\n\t\t\t\t\t\t\t\t                $button.addClass( 'inactive' );\n\t\t\t\t\t\t\t\t            }\n\t\t\t\t\t\t\t\t        }\n\t\t\t\t\t\t\t\t        $button.parent().find( '.quantity' ).val( newVal ).trigger( \"change\" );\n\t\t\t\t\t\t\t\t        e.preventDefault();\n\t\t\t\t\t\t\t\t\t\t\n\t\t\t\t\t\t\t\t    });\n\t\t\t\t\t\t\t\t    \n\t\t\t\t\t\t\t    <\/script><\/li><li class=\"efb-item efb-item-plus-minus    efb-children roomone sectionValue first  edtrack-children\" id=\"item-efb-311\"><label for=\"efb-311\" class=\"efb-desc\">Enfants <\/label><div class=\"plusminus-content count-input space-bottom\" id=\"plusminus-content-efb-311\">\n\t\t\t\t\t                                <input class=\"efb-text quantity  efb-large    efb-children roomone sectionValue first  edtrack-children __readonly\" type=\"text\" name=\"efb-311\" id=\"efb-311\" value=\"0\" readonly \/>\n\t\t\t\t\t                                <a class=\"incr-btn dec\" data-action=\"decrease\" href=\"#\">\u2013<\/a><a class=\"incr-btn inc\" data-action=\"increase\" href=\"#\">&plus;<\/a>\n\t\t\t\t\t\t                        <\/div><script type=\"text\/javascript\">\n\t\t\t\t\t\t\t\t\tjQuery( \"#plusminus-content-efb-311\" ).on( \"click\", \".incr-btn\" ,function (e) {\t\n\t\t\t\t\t\t\t\t        var $button = jQuery( this );\n\t\t\t\t\t\t\t\t        var oldValue = $button.parent().find( '#efb-311' ).val();\n\t\t\t\t\t\t\t\t        $button.parent().find( '.incr-btn[ data-action = \"decrease\" ]' ).removeClass( 'inactive' );\n\n\t\t\t\t\t\t\t\t\t\t\/\/ se il valore iniziale \u00e8 una stringa vuota devo considerare come valore 0\n\t\t\t\t\t\t\t\t\t\t\/\/ altrimenti non riesce a incrementare il valore\n\t\t\t\t\t\t\t\t\t\tif( isNaN( oldValue ) || oldValue == \"\" ) {\n\t\t\t\t\t\t\t\t\t\t\toldValue = 0;\n\t\t\t\t\t\t\t\t\t\t}\n\n\t\t\t\t\t\t\t\t        if ( $button.data( 'action' ) == \"increase\" ) {\n\t\t\t\t\t\t\t\t\t\t\tvar newVal = 0;\n\t\t\t\t\t\t\t\t\t\t\tif( parseFloat(oldValue) < 3 ){\n\t\t\t\t\t\t\t\t\t\t\t    newVal = parseFloat( oldValue ) + 1;\n\t\t\t\t\t\t\t\t            }else{\n\t\t\t\t\t\t\t\t\t\t\t\tnewVal = 0;\n\t\t\t\t\t\t\t\t\t            return false;\n\t\t\t\t\t\t\t\t\t        }\n\t\t\t\t\t\t\t\t            \n\t\t\t\t\t\t\t\t        } else {\n\t\t\t\t\t\t\t\t\t        \n\t\t\t\t\t\t\t\t\t\t\t\/\/ Don't allow decrementing below 1\n\t\t\t\t\t\t\t\t\t\t\tvar newVal = 0;\n\n\t\t\t\t\t\t\t\t            if ( oldValue > 1 ) {\n\t\t\t\t\t\t\t\t                var newVal = parseFloat( oldValue ) - 1;\n\t\t\t\t\t\t\t\t            } else {\n\t\t\t\t\t\t\t\t                newVal = 0;\n\t\t\t\t\t\t\t\t                $button.addClass( 'inactive' );\n\t\t\t\t\t\t\t\t            }\n\t\t\t\t\t\t\t\t        }\n\t\t\t\t\t\t\t\t        $button.parent().find( '.quantity' ).val( newVal ).trigger( \"change\" );\n\t\t\t\t\t\t\t\t        e.preventDefault();\n\t\t\t\t\t\t\t\t\t\t\n\t\t\t\t\t\t\t\t    });\n\t\t\t\t\t\t\t\t    \n\t\t\t\t\t\t\t    <\/script><\/li><li class=\"efb-item efb-item-plus-minus    roomage\" id=\"item-efb-379\"><label for=\"efb-379\" class=\"efb-desc\">\u00c2ge de l'enfant 1 <\/label><style> #item-efb-379{ display: none;  }<\/style><div class=\"plusminus-content count-input space-bottom\" id=\"plusminus-content-efb-379\">\n\t\t\t\t\t                                <input class=\"efb-text quantity  efb-large    roomage __readonly\" type=\"text\" name=\"efb-379\" id=\"efb-379\" value=\"0\" readonly disabled=\"disabled\"\/>\n\t\t\t\t\t                                <a class=\"incr-btn dec\" data-action=\"decrease\" href=\"#\">\u2013<\/a><a class=\"incr-btn inc\" data-action=\"increase\" href=\"#\">&plus;<\/a>\n\t\t\t\t\t\t                        <\/div><script type=\"text\/javascript\">\n\t\t\t\t\t\t\t\t\tjQuery( \"#plusminus-content-efb-379\" ).on( \"click\", \".incr-btn\" ,function (e) {\t\n\t\t\t\t\t\t\t\t        var $button = jQuery( this );\n\t\t\t\t\t\t\t\t        var oldValue = $button.parent().find( '#efb-379' ).val();\n\t\t\t\t\t\t\t\t        $button.parent().find( '.incr-btn[ data-action = \"decrease\" ]' ).removeClass( 'inactive' );\n\n\t\t\t\t\t\t\t\t\t\t\/\/ se il valore iniziale \u00e8 una stringa vuota devo considerare come valore 0\n\t\t\t\t\t\t\t\t\t\t\/\/ altrimenti non riesce a incrementare il valore\n\t\t\t\t\t\t\t\t\t\tif( isNaN( oldValue ) || oldValue == \"\" ) {\n\t\t\t\t\t\t\t\t\t\t\toldValue = 0;\n\t\t\t\t\t\t\t\t\t\t}\n\n\t\t\t\t\t\t\t\t        if ( $button.data( 'action' ) == \"increase\" ) {\n\t\t\t\t\t\t\t\t\t\t\tvar newVal = 0;\n\t\t\t\t\t\t\t\t\t\t\tif( parseFloat(oldValue) < 14 ){\n\t\t\t\t\t\t\t\t\t\t\t    newVal = parseFloat( oldValue ) + 1;\n\t\t\t\t\t\t\t\t            }else{\n\t\t\t\t\t\t\t\t\t\t\t\tnewVal = 0;\n\t\t\t\t\t\t\t\t\t            return false;\n\t\t\t\t\t\t\t\t\t        }\n\t\t\t\t\t\t\t\t            \n\t\t\t\t\t\t\t\t        } else {\n\t\t\t\t\t\t\t\t\t        \n\t\t\t\t\t\t\t\t\t\t\t\/\/ Don't allow decrementing below 1\n\t\t\t\t\t\t\t\t\t\t\tvar newVal = 0;\n\n\t\t\t\t\t\t\t\t            if ( oldValue > 1 ) {\n\t\t\t\t\t\t\t\t                var newVal = parseFloat( oldValue ) - 1;\n\t\t\t\t\t\t\t\t            } else {\n\t\t\t\t\t\t\t\t                newVal = 0;\n\t\t\t\t\t\t\t\t                $button.addClass( 'inactive' );\n\t\t\t\t\t\t\t\t            }\n\t\t\t\t\t\t\t\t        }\n\t\t\t\t\t\t\t\t        $button.parent().find( '.quantity' ).val( newVal ).trigger( \"change\" );\n\t\t\t\t\t\t\t\t        e.preventDefault();\n\t\t\t\t\t\t\t\t\t\t\n\t\t\t\t\t\t\t\t    });\n\t\t\t\t\t\t\t\t    \n\t\t\t\t\t\t\t    <\/script><\/li><li class=\"efb-item efb-item-plus-minus    roomage\" id=\"item-efb-380\"><label for=\"efb-380\" class=\"efb-desc\">\u00c2ge de l'enfant 2 <\/label><style> #item-efb-380{ display: none;  }<\/style><div class=\"plusminus-content count-input space-bottom\" id=\"plusminus-content-efb-380\">\n\t\t\t\t\t                                <input class=\"efb-text quantity  efb-large    roomage __readonly\" type=\"text\" name=\"efb-380\" id=\"efb-380\" value=\"0\" readonly disabled=\"disabled\"\/>\n\t\t\t\t\t                                <a class=\"incr-btn dec\" data-action=\"decrease\" href=\"#\">\u2013<\/a><a class=\"incr-btn inc\" data-action=\"increase\" href=\"#\">&plus;<\/a>\n\t\t\t\t\t\t                        <\/div><script type=\"text\/javascript\">\n\t\t\t\t\t\t\t\t\tjQuery( \"#plusminus-content-efb-380\" ).on( \"click\", \".incr-btn\" ,function (e) {\t\n\t\t\t\t\t\t\t\t        var $button = jQuery( this );\n\t\t\t\t\t\t\t\t        var oldValue = $button.parent().find( '#efb-380' ).val();\n\t\t\t\t\t\t\t\t        $button.parent().find( '.incr-btn[ data-action = \"decrease\" ]' ).removeClass( 'inactive' );\n\n\t\t\t\t\t\t\t\t\t\t\/\/ se il valore iniziale \u00e8 una stringa vuota devo considerare come valore 0\n\t\t\t\t\t\t\t\t\t\t\/\/ altrimenti non riesce a incrementare il valore\n\t\t\t\t\t\t\t\t\t\tif( isNaN( oldValue ) || oldValue == \"\" ) {\n\t\t\t\t\t\t\t\t\t\t\toldValue = 0;\n\t\t\t\t\t\t\t\t\t\t}\n\n\t\t\t\t\t\t\t\t        if ( $button.data( 'action' ) == \"increase\" ) {\n\t\t\t\t\t\t\t\t\t\t\tvar newVal = 0;\n\t\t\t\t\t\t\t\t\t\t\tif( parseFloat(oldValue) < 14 ){\n\t\t\t\t\t\t\t\t\t\t\t    newVal = parseFloat( oldValue ) + 1;\n\t\t\t\t\t\t\t\t            }else{\n\t\t\t\t\t\t\t\t\t\t\t\tnewVal = 0;\n\t\t\t\t\t\t\t\t\t            return false;\n\t\t\t\t\t\t\t\t\t        }\n\t\t\t\t\t\t\t\t            \n\t\t\t\t\t\t\t\t        } else {\n\t\t\t\t\t\t\t\t\t        \n\t\t\t\t\t\t\t\t\t\t\t\/\/ Don't allow decrementing below 1\n\t\t\t\t\t\t\t\t\t\t\tvar newVal = 0;\n\n\t\t\t\t\t\t\t\t            if ( oldValue > 1 ) {\n\t\t\t\t\t\t\t\t                var newVal = parseFloat( oldValue ) - 1;\n\t\t\t\t\t\t\t\t            } else {\n\t\t\t\t\t\t\t\t                newVal = 0;\n\t\t\t\t\t\t\t\t                $button.addClass( 'inactive' );\n\t\t\t\t\t\t\t\t            }\n\t\t\t\t\t\t\t\t        }\n\t\t\t\t\t\t\t\t        $button.parent().find( '.quantity' ).val( newVal ).trigger( \"change\" );\n\t\t\t\t\t\t\t\t        e.preventDefault();\n\t\t\t\t\t\t\t\t\t\t\n\t\t\t\t\t\t\t\t    });\n\t\t\t\t\t\t\t\t    \n\t\t\t\t\t\t\t    <\/script><\/li><li class=\"efb-item efb-item-plus-minus    roomage\" id=\"item-efb-381\"><label for=\"efb-381\" class=\"efb-desc\">\u00c2ge de l'enfant 3 <\/label><style> #item-efb-381{ display: none;  }<\/style><div class=\"plusminus-content count-input space-bottom\" id=\"plusminus-content-efb-381\">\n\t\t\t\t\t                                <input class=\"efb-text quantity  efb-large    roomage __readonly\" type=\"text\" name=\"efb-381\" id=\"efb-381\" value=\"0\" readonly disabled=\"disabled\"\/>\n\t\t\t\t\t                                <a class=\"incr-btn dec\" data-action=\"decrease\" href=\"#\">\u2013<\/a><a class=\"incr-btn inc\" data-action=\"increase\" href=\"#\">&plus;<\/a>\n\t\t\t\t\t\t                        <\/div><script type=\"text\/javascript\">\n\t\t\t\t\t\t\t\t\tjQuery( \"#plusminus-content-efb-381\" ).on( \"click\", \".incr-btn\" ,function (e) {\t\n\t\t\t\t\t\t\t\t        var $button = jQuery( this );\n\t\t\t\t\t\t\t\t        var oldValue = $button.parent().find( '#efb-381' ).val();\n\t\t\t\t\t\t\t\t        $button.parent().find( '.incr-btn[ data-action = \"decrease\" ]' ).removeClass( 'inactive' );\n\n\t\t\t\t\t\t\t\t\t\t\/\/ se il valore iniziale \u00e8 una stringa vuota devo considerare come valore 0\n\t\t\t\t\t\t\t\t\t\t\/\/ altrimenti non riesce a incrementare il valore\n\t\t\t\t\t\t\t\t\t\tif( isNaN( oldValue ) || oldValue == \"\" ) {\n\t\t\t\t\t\t\t\t\t\t\toldValue = 0;\n\t\t\t\t\t\t\t\t\t\t}\n\n\t\t\t\t\t\t\t\t        if ( $button.data( 'action' ) == \"increase\" ) {\n\t\t\t\t\t\t\t\t\t\t\tvar newVal = 0;\n\t\t\t\t\t\t\t\t\t\t\tif( parseFloat(oldValue) < 14 ){\n\t\t\t\t\t\t\t\t\t\t\t    newVal = parseFloat( oldValue ) + 1;\n\t\t\t\t\t\t\t\t            }else{\n\t\t\t\t\t\t\t\t\t\t\t\tnewVal = 0;\n\t\t\t\t\t\t\t\t\t            return false;\n\t\t\t\t\t\t\t\t\t        }\n\t\t\t\t\t\t\t\t            \n\t\t\t\t\t\t\t\t        } else {\n\t\t\t\t\t\t\t\t\t        \n\t\t\t\t\t\t\t\t\t\t\t\/\/ Don't allow decrementing below 1\n\t\t\t\t\t\t\t\t\t\t\tvar newVal = 0;\n\n\t\t\t\t\t\t\t\t            if ( oldValue > 1 ) {\n\t\t\t\t\t\t\t\t                var newVal = parseFloat( oldValue ) - 1;\n\t\t\t\t\t\t\t\t            } else {\n\t\t\t\t\t\t\t\t                newVal = 0;\n\t\t\t\t\t\t\t\t                $button.addClass( 'inactive' );\n\t\t\t\t\t\t\t\t            }\n\t\t\t\t\t\t\t\t        }\n\t\t\t\t\t\t\t\t        $button.parent().find( '.quantity' ).val( newVal ).trigger( \"change\" );\n\t\t\t\t\t\t\t\t        e.preventDefault();\n\t\t\t\t\t\t\t\t\t\t\n\t\t\t\t\t\t\t\t    });\n\t\t\t\t\t\t\t\t    \n\t\t\t\t\t\t\t    <\/script><\/li><div class=\"sectionFooter\"><a href=\"#\" class=\"closeSection closeSectionFooter efb-done\" id=\"closeSection-%1$s\"><span class=\"visibleIcon\" ><\/span>OK J'AI FAIT<\/a>\n\t\t\t<a href=\"#\" class=\"closeSection closeSectionFooter efb-cancel\" id=\"closeSection-removedata\"><span class=\"visibleIcon\" ><\/span>annuler<\/a><\/div><\/ul><\/li><div class=\"efb-clear\"><\/div><li class=\"efb-item efb-item-textarea   \" id=\"item-efb-408\"><label for=\"efb-408\" class=\"efb-desc\">Message <\/label><div><textarea name=\"efb-408\" id=\"efb-408\" class=\"efb-textarea  efb-large  \" placeholder=\"\"><\/textarea><span class=\" visibleIcon\" style=\"\"><\/span><\/div><\/li><li><input type=\"hidden\" name=\"efb-355\" id=\"trackingform-355\" class=\"input_trackingform efb-hid  efb-medium  \" \/><\/li><\/li><li><input type=\"hidden\" name=\"efb-356\" id=\"trackingformreferrer-356\" class=\"input_trackingform_referrer efb-hid  efb-medium  \" \/><\/li><\/li><li class=\"efb-item efb-item-hidden   Provenance  set-provenienza\" id=\"item-efb-414\" ><input type=\"hidden\" name=\"efb-414\" id=\"efb-414\" value=\"\" class=\"efb-text  efb-medium    set-provenienza\" placeholder=\"\" \/><span class=\" visibleIcon\" ><\/span><\/li><script type=\"text\/javascript\">\n\t\t\t\tjQuery(document).ready(function($) {$( '#plusminus-content-efb-311' ).on( 'click', '.incr-btn', function() {\n\t\t\t\t\t\t\t\t\n\t\t\t\t\t\t\t\t\t  efb_conditional_func( this, [{\"key\":311,\"mainType\":null,\"mainID\":379,\"cond\":\"max\",\"elem\":\"1\",\"act\":\"mostra\"},{\"key\":311,\"mainType\":null,\"mainID\":380,\"cond\":\"max\",\"elem\":\"2\",\"act\":\"mostra\"},{\"key\":311,\"mainType\":null,\"mainID\":381,\"cond\":\"max\",\"elem\":\"3\",\"act\":\"mostra\"}]  );\n\t\t\t\t\t\t\t\t\t});\t});\n\t\t\t<\/script><li class=\"efb-item efb-item-checkbox efb-left-third\" id=\"item-privacy-17\">\n\t\t\t\t<input type=\"checkbox\" name=\"efb-privacy\" id=\"privacy-17\" value=\"si\" class=\"efb-checkbox required\" aria-describedby=\"privacy-17-description\">\n\t\t\t\t<label for=\"privacy-17\" id=\"label-privacy-17\" class=\"efb-choice\"><a href=\"https:\/\/www.hotelletizia.net\/fr\/privacy\/\" target=\"_blank\">J'accepte la politique de confidentialit\u00e9<\/a><\/label><span id=\"privacy-17-description\" class=\"efb-choice-subtitle\">J'autorise le traitement de mes donn\u00e9es personnelles dans les limites pr\u00e9vues par la loi sur la protection de la vie priv\u00e9e.<\/span><\/li><li class=\"efb-item efb-item-checkbox efb-middle-third\" id=\"item-newsletter-17\">\n\t\t\t\t\t<input type=\"checkbox\" name=\"efb-newslettersubscribe\" id=\"newsletter-17\" value=\"si\" class=\"efb-checkbox\" aria-describedby=\"newsletter-17-description\"><label for=\"newsletter-17\" id=\"label-newsletter-17\" class=\"efb-choice\"><a href=\"https:\/\/www.hotelletizia.net\/fr\/privacy\/\" target=\"_blank\">Je souhaite recevoir des offres exclusives!<\/a><\/label><span id=\"newsletter-17-description\" class=\"efb-choice-subtitle\">J'accepte de recevoir du mat\u00e9riel d'information par le biais d'une lettre d'information.<\/span><\/li><li class=\"efb-item efb-item-submit \" id=\"item-efb-301\">\n\t\t\t\t<input type=\"hidden\" name=\"efb-submit\" id=\"efb-301\" value=\"Envoyez votre demande\" class=\"efb-submit  btn btn-default btn-full  text-uppercase\" \/>\n \t\t\t\t<!--input type=\"submit\" name=\"efb-submit-button\" id=\"efb-301-button\" value=\"Envoyez votre demande\" class=\"efb-submit  btn btn-default btn-full  text-uppercase\" \/-->\n\t\t\t\t\n\t\t\t\t<button name=\"efb-submit-button\" id=\"efb-301-button\" class=\"efb-submit  btn btn-default btn-full  text-uppercase\">Envoyez votre demande<\/button>\n\t\t\t\t\n\t\t\t\t<\/li>\n\t<li style=\"display:none;\"><label>Cette case est destin\u00e9e \u00e0 la protection contre le spam - <strong>vous \u00eates pri\u00e9s de la laisser vide<\/strong>.:<\/label><div><input name=\"efb-spam\" \/><\/div><\/li><\/ul>\n\t<\/fieldset><input type=\"hidden\" name=\"_wp_http_referer\" value=\"\/fr\/wp-json\/wp\/v2\/pages\/3654\" \/><\/ul>&nbsp;<\/fieldset><div class=\"recaptcha-holder\"><\/div><\/form><\/div> <!-- .edita-form-builder-container -->\n","protected":false},"excerpt":{"rendered":"","protected":false},"author":1,"featured_media":0,"parent":0,"menu_order":0,"comment_status":"closed","ping_status":"closed","template":"","meta":{"_acf_changed":false},"class_list":["post-3654","page","type-page","status-publish","hentry"],"acf":[],"_links":{"self":[{"href":"https:\/\/www.hotelletizia.net\/fr\/wp-json\/wp\/v2\/pages\/3654","targetHints":{"allow":["GET"]}}],"collection":[{"href":"https:\/\/www.hotelletizia.net\/fr\/wp-json\/wp\/v2\/pages"}],"about":[{"href":"https:\/\/www.hotelletizia.net\/fr\/wp-json\/wp\/v2\/types\/page"}],"author":[{"embeddable":true,"href":"https:\/\/www.hotelletizia.net\/fr\/wp-json\/wp\/v2\/users\/1"}],"replies":[{"embeddable":true,"href":"https:\/\/www.hotelletizia.net\/fr\/wp-json\/wp\/v2\/comments?post=3654"}],"version-history":[{"count":0,"href":"https:\/\/www.hotelletizia.net\/fr\/wp-json\/wp\/v2\/pages\/3654\/revisions"}],"wp:attachment":[{"href":"https:\/\/www.hotelletizia.net\/fr\/wp-json\/wp\/v2\/media?parent=3654"}],"curies":[{"name":"wp","href":"https:\/\/api.w.org\/{rel}","templated":true}]}}