{"id":3652,"date":"2018-03-22T10:10:08","date_gmt":"2018-03-22T09:10:08","guid":{"rendered":"https:\/\/www.hotelletizia.net\/spiaggia-igea-marina\/"},"modified":"2025-12-15T10:36:54","modified_gmt":"2025-12-15T09:36:54","slug":"plage-igea-marina","status":"publish","type":"page","link":"https:\/\/www.hotelletizia.net\/fr\/plage-igea-marina\/","title":{"rendered":"La plage dor\u00e9e d&rsquo;Igea Marina"},"content":{"rendered":"<h2>La Riviera Romagnola est connue dans le monde entier pour les services qui enrichissent ses plages de sable fin et dor\u00e9.<\/h2>\n<p>La qualit\u00e9 des eaux de Bellaria Igea Marina est \u00e9galement confirm\u00e9e par l&rsquo;attribution de la reconnaissance <strong>\u00ab Bandiera Blu \u00bb (Pavillon Bleu)<\/strong>, qui certifie, ann\u00e9e apr\u00e8s ann\u00e9e<strong>, l&rsquo;aptitude \u00e0 la baignade sans risques pour la sant\u00e9 et l&rsquo;efficacit\u00e9 des installations baln\u00e9aires.<\/strong> En outre, la mer Adriatique, avec ses fonds marins peu profonds et doux, est particuli\u00e8rement adapt\u00e9e aux enfants et aux familles et offre \u00e0 tous le plaisir de la baignade.<\/p>\n<p><strong>L&rsquo;h\u00f4tel n&rsquo;est qu&rsquo;\u00e0 une minute de marche des plages am\u00e9nag\u00e9es.<\/strong> \u00c0 votre arriv\u00e9e \u00e0 l&rsquo;h\u00f4tel, nous vous offrons des informations sp\u00e9cifiques et d\u00e9taill\u00e9es pour vous aider \u00e0 <strong>choisir la plage qui correspond le mieux \u00e0 vos d\u00e9sirs<\/strong>. L&rsquo;h\u00f4tel se trouve \u00e9galement \u00e0 100 m\u00e8tres de la plage Polo Est, qui dispose d&rsquo;installations et de terrains de beach-volley ouverts \u00e0 tous, et de la plage publique situ\u00e9e \u00e0 c\u00f4t\u00e9 du port du canal.<\/p>\n<div id='gallery-1' class='gallery galleryid-3652 gallery-columns-3 gallery-size-medium'><figure class='gallery-item'>\n\t\t\t<div class='gallery-icon landscape'>\n\t\t\t\t<a href='https:\/\/www.hotelletizia.net\/wp-content\/uploads\/2018\/06\/spiaggia-igea-marina-1.jpg' data-size=\"1280x800\"><img loading=\"lazy\" decoding=\"async\" width=\"640\" height=\"420\" src=\"https:\/\/www.hotelletizia.net\/wp-content\/uploads\/2018\/06\/spiaggia-igea-marina-1-640x420.jpg\" class=\"attachment-medium size-medium\" alt=\"\" \/><\/a>\n\t\t\t<\/div><\/figure><figure class='gallery-item'>\n\t\t\t<div class='gallery-icon landscape'>\n\t\t\t\t<a href='https:\/\/www.hotelletizia.net\/wp-content\/uploads\/2018\/06\/spiaggia-polo-est-igea-marina-3.jpg' data-size=\"1200x800\"><img loading=\"lazy\" decoding=\"async\" width=\"640\" height=\"420\" src=\"https:\/\/www.hotelletizia.net\/wp-content\/uploads\/2018\/06\/spiaggia-polo-est-igea-marina-3-640x420.jpg\" class=\"attachment-medium size-medium\" alt=\"\" \/><\/a>\n\t\t\t<\/div><\/figure><figure class='gallery-item'>\n\t\t\t<div class='gallery-icon landscape'>\n\t\t\t\t<a href='https:\/\/www.hotelletizia.net\/wp-content\/uploads\/2018\/06\/spiaggia-polo-est-igea-marina-2.jpg' data-size=\"1200x800\"><img loading=\"lazy\" decoding=\"async\" width=\"640\" height=\"420\" src=\"https:\/\/www.hotelletizia.net\/wp-content\/uploads\/2018\/06\/spiaggia-polo-est-igea-marina-2-640x420.jpg\" class=\"attachment-medium size-medium\" alt=\"\" \/><\/a>\n\t\t\t<\/div><\/figure><figure class='gallery-item'>\n\t\t\t<div class='gallery-icon landscape'>\n\t\t\t\t<a href='https:\/\/www.hotelletizia.net\/wp-content\/uploads\/2018\/06\/spiaggia-polo-est-igea-marina-1.jpg' data-size=\"1200x800\"><img loading=\"lazy\" decoding=\"async\" width=\"640\" height=\"420\" src=\"https:\/\/www.hotelletizia.net\/wp-content\/uploads\/2018\/06\/spiaggia-polo-est-igea-marina-1-640x420.jpg\" class=\"attachment-medium size-medium\" alt=\"\" \/><\/a>\n\t\t\t<\/div><\/figure><figure class='gallery-item'>\n\t\t\t<div class='gallery-icon landscape'>\n\t\t\t\t<a href='https:\/\/www.hotelletizia.net\/wp-content\/uploads\/2018\/06\/spiaggia-polo-est-igea-marina.jpg' data-size=\"1200x800\"><img loading=\"lazy\" decoding=\"async\" width=\"640\" height=\"420\" src=\"https:\/\/www.hotelletizia.net\/wp-content\/uploads\/2018\/06\/spiaggia-polo-est-igea-marina-640x420.jpg\" class=\"attachment-medium size-medium\" alt=\"\" \/><\/a>\n\t\t\t<\/div><\/figure><figure class='gallery-item'>\n\t\t\t<div class='gallery-icon landscape'>\n\t\t\t\t<a href='https:\/\/www.hotelletizia.net\/wp-content\/uploads\/2018\/06\/spiaggia-igea-marina-2.jpg' data-size=\"1280x800\"><img loading=\"lazy\" decoding=\"async\" width=\"640\" height=\"420\" src=\"https:\/\/www.hotelletizia.net\/wp-content\/uploads\/2018\/06\/spiaggia-igea-marina-2-640x420.jpg\" class=\"attachment-medium size-medium\" alt=\"\" \/><\/a>\n\t\t\t<\/div><\/figure><figure class='gallery-item'>\n\t\t\t<div class='gallery-icon landscape'>\n\t\t\t\t<a href='https:\/\/www.hotelletizia.net\/wp-content\/uploads\/2018\/06\/spiaggia-igea-marina-3.jpg' data-size=\"1280x800\"><img loading=\"lazy\" decoding=\"async\" width=\"640\" height=\"420\" src=\"https:\/\/www.hotelletizia.net\/wp-content\/uploads\/2018\/06\/spiaggia-igea-marina-3-640x420.jpg\" class=\"attachment-medium size-medium\" alt=\"\" \/><\/a>\n\t\t\t<\/div><\/figure>\n\t\t<\/div>\n\n","protected":false},"excerpt":{"rendered":"<p>La Riviera Romagnola est connue dans le monde entier pour les services qui enrichissent ses plages de sable fin et dor\u00e9. La qualit\u00e9 des eaux de Bellaria Igea Marina est \u00e9galement confirm\u00e9e par l&rsquo;attribution de la reconnaissance \u00ab Bandiera Blu \u00bb (Pavillon Bleu), qui certifie, ann\u00e9e apr\u00e8s ann\u00e9e, l&rsquo;aptitude \u00e0 la baignade sans risques pour la sant\u00e9 et l&rsquo;efficacit\u00e9 des installations baln\u00e9aires. En outre, la mer Adriatique, avec ses fonds &#8230;<\/p>\n","protected":false},"author":1,"featured_media":0,"parent":0,"menu_order":0,"comment_status":"closed","ping_status":"closed","template":"","meta":{"_acf_changed":false},"class_list":["post-3652","page","type-page","status-publish","hentry"],"acf":[],"_links":{"self":[{"href":"https:\/\/www.hotelletizia.net\/fr\/wp-json\/wp\/v2\/pages\/3652","targetHints":{"allow":["GET"]}}],"collection":[{"href":"https:\/\/www.hotelletizia.net\/fr\/wp-json\/wp\/v2\/pages"}],"about":[{"href":"https:\/\/www.hotelletizia.net\/fr\/wp-json\/wp\/v2\/types\/page"}],"author":[{"embeddable":true,"href":"https:\/\/www.hotelletizia.net\/fr\/wp-json\/wp\/v2\/users\/1"}],"replies":[{"embeddable":true,"href":"https:\/\/www.hotelletizia.net\/fr\/wp-json\/wp\/v2\/comments?post=3652"}],"version-history":[{"count":0,"href":"https:\/\/www.hotelletizia.net\/fr\/wp-json\/wp\/v2\/pages\/3652\/revisions"}],"wp:attachment":[{"href":"https:\/\/www.hotelletizia.net\/fr\/wp-json\/wp\/v2\/media?parent=3652"}],"curies":[{"name":"wp","href":"https:\/\/api.w.org\/{rel}","templated":true}]}}