{"id":3647,"date":"2018-04-16T14:35:32","date_gmt":"2018-04-16T12:35:32","guid":{"rendered":"https:\/\/www.hotelletizia.net\/famiglia-onofri\/"},"modified":"2024-10-30T12:15:43","modified_gmt":"2024-10-30T11:15:43","slug":"famille-onofri","status":"publish","type":"page","link":"https:\/\/www.hotelletizia.net\/fr\/famille-onofri\/","title":{"rendered":"Qui se cache derri\u00e8re le nom H\u00f4tel Letizia ? Pr\u00e9sentation de nous-m\u00eames&#8230;."},"content":{"rendered":"<h2>La famille Onofri<\/h2>\n<p>En<strong> 1951<\/strong>, le grand-p\u00e8re Nicola et la grand-m\u00e8re Santina, dite Nita, reprennent la gestion directe de l&rsquo;h\u00f4tel (qui ne comptait que cinq chambres \u00e0 l&rsquo;\u00e9poque), g\u00e9r\u00e9, l&rsquo;ann\u00e9e de son ouverture, avec une dame de Milan qui s&rsquo;appelait Letizia.<strong> Letizia<\/strong>, d\u00e9j\u00e0 <strong>le nom de l&rsquo;h\u00f4tel \u00e9voque la joie et la s\u00e9r\u00e9nit\u00e9<\/strong>. Les m\u00eames \u00e9motions que<strong> la famille Onofri \u00e9prouve depuis 74 ans en accueillant tant de personnes pour leurs vacances \u00e0 la mer, ici, au centre d&rsquo;Igea Marina.<\/strong> Ici, o\u00f9 l&rsquo;amiti\u00e9 est une vraie valeur et le sourire un ingr\u00e9dient essentiel.<\/p>\n<p><strong>Mama Marisa<\/strong> (la belle-fille de Nicola et Nita)<strong> vous accueille \u00e0 l&rsquo;h\u00f4tel avec ses trois enfants Andrea, Daniela et Marco<\/strong>, qui l&rsquo;ont toujours aid\u00e9e dans la gestion de l&rsquo;h\u00f4tel. \u00ab Le plus beau m\u00e9tier du monde \u00bb, dit-elle toujours. Mamma Marisa joue un r\u00f4le inestimable en faisant les courses pour la cuisine, en choisissant les ingr\u00e9dients les plus sains, les l\u00e9gumes et les fruits les plus frais, les viandes et les poissons les plus savoureux. Pendant son temps libre, elle veille \u00e9galement \u00e0 ce que tout se passe bien dans l&rsquo;h\u00f4tel, qu&rsquo;il n&rsquo;y ait pas trop de bruit, que les familles avec enfants aient tout ce qu&rsquo;il faut pour passer de bonnes vacances, qu&rsquo;il y ait toujours de l&rsquo;ordre et de la propret\u00e9 dans les chambres et les espaces communs.<\/p>\n<p>Sa fille <strong>Daniela s&rsquo;occupe \u00e9galement de la cuisine<\/strong> et est une excellente gardienne des secrets de la<strong> cuisine romagnole<\/strong> : ses lasagnes sont tr\u00e8s appr\u00e9ci\u00e9es par la plupart des clients. Excellente p\u00e2tissi\u00e8re, elle pr\u00e9pare chaque jour d&rsquo;<strong>extraordinaires g\u00e2teaux<\/strong> maison que vous pourrez d\u00e9guster au petit d\u00e9jeuner et \u00e0 la fin de chaque repas. Parce que les vacances doivent toujours \u00eatre une \u00e9motion douce&#8230;<\/p>\n<p><strong>Le fils cadet, Andrea, est un marathonien au caract\u00e8re \u00e9nergique<\/strong> qui prend toujours la vie avec le sourire et la joie de vivre. Si vous avez des doutes pendant vos vacances, c&rsquo;est \u00e0 lui qu&rsquo;il faut s&rsquo;adresser. <strong>Il est \u00e9galement la personne id\u00e9ale pour vous conseiller sur les excursions et les sorties nocturnes dans et autour de Bellaria Igea Marina.<\/strong><\/p>\n<p><strong>Marco, passionn\u00e9 d&rsquo;art et de voyage<\/strong>s, est un h\u00f4te attentif et accueillant au caract\u00e8re doux. Il aime l&rsquo;amiti\u00e9 et la conversation, les couchers de soleil et la photographie. <strong>Vous appr\u00e9cierez certainement de discuter avec lui au bar du hall ou autour d&rsquo;un caf\u00e9 apr\u00e8s le d\u00eener.<\/strong><\/p>\n<p>Si vous \u00eates curieux de nous conna\u00eetre,<strong> appelez-nous d\u00e8s maintenant au +39 0541 331355<\/strong> pour organiser au mieux vos vacances de soleil, de mer et d&rsquo;amiti\u00e9. <strong>Vous entendrez notre voix et vous vous sentirez en Romagne !<\/strong><\/p>\n","protected":false},"excerpt":{"rendered":"<p>La famille Onofri En 1951, le grand-p\u00e8re Nicola et la grand-m\u00e8re Santina, dite Nita, reprennent la gestion directe de l&rsquo;h\u00f4tel (qui ne comptait que cinq chambres \u00e0 l&rsquo;\u00e9poque), g\u00e9r\u00e9, l&rsquo;ann\u00e9e de son ouverture, avec une dame de Milan qui s&rsquo;appelait Letizia. Letizia, d\u00e9j\u00e0 le nom de l&rsquo;h\u00f4tel \u00e9voque la joie et la s\u00e9r\u00e9nit\u00e9. Les m\u00eames \u00e9motions que la famille Onofri \u00e9prouve depuis 74 ans en accueillant tant de personnes pour &#8230;<\/p>\n","protected":false},"author":1,"featured_media":2730,"parent":0,"menu_order":0,"comment_status":"closed","ping_status":"closed","template":"","meta":{"_acf_changed":false},"class_list":["post-3647","page","type-page","status-publish","has-post-thumbnail","hentry"],"acf":[],"_links":{"self":[{"href":"https:\/\/www.hotelletizia.net\/fr\/wp-json\/wp\/v2\/pages\/3647","targetHints":{"allow":["GET"]}}],"collection":[{"href":"https:\/\/www.hotelletizia.net\/fr\/wp-json\/wp\/v2\/pages"}],"about":[{"href":"https:\/\/www.hotelletizia.net\/fr\/wp-json\/wp\/v2\/types\/page"}],"author":[{"embeddable":true,"href":"https:\/\/www.hotelletizia.net\/fr\/wp-json\/wp\/v2\/users\/1"}],"replies":[{"embeddable":true,"href":"https:\/\/www.hotelletizia.net\/fr\/wp-json\/wp\/v2\/comments?post=3647"}],"version-history":[{"count":0,"href":"https:\/\/www.hotelletizia.net\/fr\/wp-json\/wp\/v2\/pages\/3647\/revisions"}],"wp:featuredmedia":[{"embeddable":true,"href":"https:\/\/www.hotelletizia.net\/fr\/wp-json\/wp\/v2\/media\/2730"}],"wp:attachment":[{"href":"https:\/\/www.hotelletizia.net\/fr\/wp-json\/wp\/v2\/media?parent=3647"}],"curies":[{"name":"wp","href":"https:\/\/api.w.org\/{rel}","templated":true}]}}