{"id":3643,"date":"2018-04-18T15:03:32","date_gmt":"2018-04-18T13:03:32","guid":{"rendered":"https:\/\/www.hotelletizia.net\/faq\/"},"modified":"2025-12-15T10:42:04","modified_gmt":"2025-12-15T09:42:04","slug":"faq","status":"publish","type":"page","link":"https:\/\/www.hotelletizia.net\/fr\/faq\/","title":{"rendered":"Questions fr\u00e9quentes"},"content":{"rendered":"<h2>Vous planifiez vos vacances \u00e0 Bellaria Igea Marina et vous voulez des informations sur nos services ?<br \/>\nSi vous avez des questions, lisez ici&#8230;<\/h2>\n<h3>Voici les r\u00e9ponses aux questions les plus fr\u00e9quemment pos\u00e9es par nos h\u00f4tes :<\/h3>\n<h3><strong><img loading=\"lazy\" decoding=\"async\" class=\"alignleft wp-image-543\" src=\"https:\/\/www.hotelletizia.net\/wp-content\/uploads\/2018\/06\/coin-128x128.png\" alt=\"\" width=\"40\" height=\"40\" data-big-size=\"128x128\" \/><\/strong><br \/>\nO\u00f9 puis-je r\u00e9server au meilleur prix ?<\/h3>\n<p>Sur cette site officiel \u00a0<a href=\"http:\/\/www.hotelletizia.net\/fr\"><strong>www.hotelletizia.net\/fr<\/strong><\/a> nous vous garantissons toujours le meilleur prix avec parking inclus, et vous \u00eates en contact direct avec la famille Onofri, forte de 65 ans d&rsquo;exp\u00e9rience dans le monde de l&rsquo;h\u00f4tellerie. N&rsquo;oubliez pas que le parking n&rsquo;est gratuit que si vous r\u00e9servez sur ce site officiel. Vous pouvez \u00e9galement nous appeler au +39 0541 331355 ou nous \u00e9crire \u00e0 <a class=\"edtrack-clickemail\" href=\"mailto:info@hotelletizia.net\"><strong>info@hotelletizia.net<\/strong><\/a><\/p>\n<h3>Comment puis-je faire une r\u00e9servation ?<\/h3>\n<p><strong><img loading=\"lazy\" decoding=\"async\" class=\"alignleft wp-image-551\" src=\"https:\/\/www.hotelletizia.net\/wp-content\/uploads\/2018\/06\/colazione-128x128.png\" alt=\"\" width=\"40\" height=\"40\" data-big-size=\"128x128\" \/><br \/>\nS\u00e9jours avec service de bed and breakfast :<\/strong><\/p>\n<ol>\n<li>Les r\u00e9servations peuvent \u00eatre confirm\u00e9es en fournissant les d\u00e9tails d&rsquo;une carte de cr\u00e9dit valide sur laquelle une pr\u00e9-autorisation correspondant au co\u00fbt de la premi\u00e8re nuit sera effectu\u00e9e.<\/li>\n<li>Les r\u00e9servations peuvent \u00eatre confirm\u00e9es en envoyant le montant correspondant au co\u00fbt de la premi\u00e8re nuit par virement bancaire.<\/li>\n<li>Le solde du s\u00e9jour doit \u00eatre pay\u00e9 \u00e0 l&rsquo;arriv\u00e9e \u00e0 l&rsquo;h\u00f4tel lors de l&rsquo;enregistrement.<\/li>\n<li>A l&rsquo;h\u00f4tel, vous devrez \u00e9galement payer la taxe municipale (taxe de s\u00e9jour) de 1,50 \u20ac par jour pour un maximum de 6 jours cons\u00e9cutifs. Les enfants de moins de 18 ans sont exon\u00e9r\u00e9s.<\/li>\n<\/ol>\n<p><strong><img loading=\"lazy\" decoding=\"async\" class=\"alignleft wp-image-552\" src=\"https:\/\/www.hotelletizia.net\/wp-content\/uploads\/2018\/06\/table-128x128.png\" alt=\"\" width=\"40\" height=\"40\" data-big-size=\"128x128\" \/><br \/>\nS\u00e9jours en demi-pension, en pension compl\u00e8te ou en formule tout compris :<\/strong><\/p>\n<ol>\n<li>Les r\u00e9servations peuvent \u00eatre confirm\u00e9es par l&rsquo;envoi d&rsquo;un montant de 100 \u20ac par virement bancaire.<\/li>\n<li>Le solde du s\u00e9jour doit \u00eatre pay\u00e9 \u00e0 l&rsquo;arriv\u00e9e \u00e0 l&rsquo;h\u00f4tel lors de l&rsquo;enregistrement.<\/li>\n<\/ol>\n<p><strong><img loading=\"lazy\" decoding=\"async\" class=\"alignleft wp-image-550\" src=\"https:\/\/www.hotelletizia.net\/wp-content\/uploads\/2018\/06\/carta-di-credito-128x128.png\" alt=\"\" width=\"40\" height=\"40\" data-big-size=\"128x128\" \/><\/strong><\/p>\n<h3>Qu&rsquo;est-ce qu&rsquo;une pr\u00e9-autorisation ?<\/h3>\n<p>Il s&rsquo;agit d&rsquo;un blocage temporaire d&rsquo;un montant sp\u00e9cifique sur une carte de cr\u00e9dit. Cette op\u00e9ration ne g\u00e9n\u00e8re aucun type de mouvement bancaire sur votre compte \u00e0 vue car elle n&rsquo;est pas comptabilis\u00e9e, ce n&rsquo;est donc pas un d\u00e9bit. L&rsquo;autorisation est d\u00e9livr\u00e9e par la banque, ou par le gestionnaire du circuit de la carte de cr\u00e9dit. La pr\u00e9autorisation vous permet donc de \u00ab r\u00e9server \u00bb un montant avant que la transaction ne soit r\u00e9ellement effectu\u00e9e. De cette mani\u00e8re, la disponibilit\u00e9 du montant au moment de la r\u00e9servation d\u00e9finitive est garantie dans tous les cas.<\/p>\n<h3><img loading=\"lazy\" decoding=\"async\" class=\"alignleft wp-image-549\" src=\"https:\/\/www.hotelletizia.net\/wp-content\/uploads\/2018\/06\/cancellazione-128x128.png\" alt=\"\" width=\"40\" height=\"40\" data-big-size=\"128x128\" \/><br \/>\nComment puis-je annuler une r\u00e9servation ?<\/h3>\n<ul>\n<li><strong>Annulation d&rsquo;une r\u00e9servation<br \/>\n<\/strong>En cas d&rsquo;annulation ou de modification effectu\u00e9e jusqu&rsquo;\u00e0 7 jours avant la date d&rsquo;arriv\u00e9e pr\u00e9vue (\u00e0 11h00) ,<br \/>\nle montant vers\u00e9 sera transform\u00e9 en un bon valable jusqu&rsquo;\u00e0 la fin de la saison 2026. En cas d&rsquo;annulation ou de modification effectu\u00e9e plus de 7 jours avant la date d&rsquo;arriv\u00e9e pr\u00e9vue ou en cas de non-pr\u00e9sentation, aucune p\u00e9nalit\u00e9 ne sera demand\u00e9e en plus de l&rsquo;acompte vers\u00e9.<\/li>\n<li><strong>Acompte prot\u00e9g\u00e9<\/strong><br \/>\nRemboursement de l&rsquo;acompte en cas d&rsquo;annulation jusqu&rsquo;\u00e0 2 jours avant l&rsquo;arriv\u00e9e (avant 11h00), d\u00e9duction faite du co\u00fbt du service \u00ab Acompte prot\u00e9g\u00e9 \u00bb.<br \/>\nAucun certificat ou motif n&rsquo;est requis pour activer l&rsquo;annulation et le remboursement, qui sera effectu\u00e9 dans les 3 jours suivant l&rsquo;annulation.<br \/>\nLa \u00ab caution prot\u00e9g\u00e9e \u00bb ne peut \u00eatre effectu\u00e9e qu&rsquo;au moment de la r\u00e9servation.<br \/>\nPour les annulations au-del\u00e0 du d\u00e9lai de 2 jours, aucune p\u00e9nalit\u00e9 n&rsquo;est exig\u00e9e en plus de l&rsquo;acompte vers\u00e9.<\/li>\n<\/ul>\n<p><b><img loading=\"lazy\" decoding=\"async\" class=\"alignleft wp-image-548\" src=\"https:\/\/www.hotelletizia.net\/wp-content\/uploads\/2018\/06\/camere-128x128.png\" alt=\"\" width=\"40\" height=\"40\" data-big-size=\"128x128\" \/><\/b><\/p>\n<h3>Pourquoi les chambres Basic co\u00fbtent-elles moins cher ?<\/h3>\n<p>Les chambres basiques sont l&rsquo;option la moins ch\u00e8re de l&rsquo;h\u00f4tel Letizia, car elles disposent d&rsquo;un espace limit\u00e9 et d&rsquo;un plafond inclin\u00e9, plus bas que celui des chambres standard. C&rsquo;est pourquoi nous les recommandons \u00e0 ceux qui souhaitent des vacances simples, mais avec des services essentiels tels que la connexion Wi-Fi, la t\u00e9l\u00e9vision LCD par satellite, l&rsquo;air conditionn\u00e9 et une salle de bains priv\u00e9e avec cabine de douche.<strong><br \/>\n<\/strong><\/p>\n<p><strong><img loading=\"lazy\" decoding=\"async\" class=\"alignleft wp-image-546\" src=\"https:\/\/www.hotelletizia.net\/wp-content\/uploads\/2018\/06\/pensione-completa-256x256.png\" alt=\"\" width=\"50\" height=\"50\" data-big-size=\"256x256\" \/><\/strong><\/p>\n<h3>Que comprend le Pension Compl\u00e8te<\/h3>\n<p>La <a href=\"https:\/\/www.hotelletizia.net\/fr\/pension-complete\/\" target=\"_blank\" rel=\"noopener\">pension compl\u00e8te<\/a> inclut dans le prix les trois principaux repas de la journ\u00e9e. De 07h30 \u00e0 09h45, vous profitez d&rsquo;un copieux petit-d\u00e9jeuner sucr\u00e9 et sal\u00e9 avec de nombreuses gourmandises. (Et si vous aimez faire la grasse matin\u00e9e, vous disposez toujours d&rsquo;un espace d\u00e9di\u00e9 avec du caf\u00e9 et du th\u00e9 chauds). \u00c0 12h30, vous d\u00e9jeunez d&rsquo;une cuisine saine et \u00e9quilibr\u00e9e et \u00e0 19h30, toujours dans la salle \u00e0 manger, le d\u00eener est pr\u00eat. Veuillez noter que les boissons ne sont pas incluses dans la pension compl\u00e8te.<\/p>\n<p><img loading=\"lazy\" decoding=\"async\" class=\"alignleft wp-image-721\" src=\"https:\/\/www.hotelletizia.net\/wp-content\/uploads\/2018\/11\/wine-128x128.png\" alt=\"\" width=\"40\" height=\"40\" data-big-size=\"128x128\" \/><\/p>\n<h3>Que comprend la formule \u00ab tout compris \u00bb (All Inclusive) ?<\/h3>\n<p>La formule<a href=\"https:\/\/www.hotelletizia.net\/fr\/all-inclusive\/\" target=\"_blank\" rel=\"noopener\"> tout compris (All Inclusive)<\/a> comprend le parking, la climatisation, la pension compl\u00e8te, c&rsquo;est-\u00e0-dire le petit-d\u00e9jeuner, le d\u00e9jeuner et le d\u00eener avec des boissons en bouteille (eau, vin, boissons non alcoolis\u00e9es). En outre, il vous offre un service de plage, avec un parasol et deux chaises longues pour la dur\u00e9e de vos vacances, inclus dans le prix.<\/p>\n<p><img loading=\"lazy\" decoding=\"async\" class=\"alignleft wp-image-721\" src=\"https:\/\/www.hotelletizia.net\/wp-content\/uploads\/2018\/11\/menu.png\" alt=\"\" width=\"40\" height=\"40\" data-big-size=\"128x128\" \/><\/p>\n<h3>Notre Restaurant<\/h3>\n<p>Les mains habiles de Daniela choisissent les meilleurs produits frais pour vous permettre de pr\u00e9parer les recettes des plats traditionnels romagnols et italiens que vous d\u00e9gustez chaque jour au restaurant.<br \/>\nNous ne sommes pas certifi\u00e9s pour servir des aliments et des boissons certifi\u00e9s pour les c\u0153liaques, c&rsquo;est pourquoi les produits certifi\u00e9s et sp\u00e9cifiques pour les c\u0153liaques ne sont pas disponibles dans notre offre.<\/p>\n<p><img loading=\"lazy\" decoding=\"async\" class=\"alignleft wp-image-721\" src=\"https:\/\/www.hotelletizia.net\/wp-content\/uploads\/2020\/07\/food-package.png\" alt=\"\" width=\"40\" height=\"40\" data-big-size=\"128x128\" \/><\/p>\n<h3>Pr\u00e9parez-vous des paniers \u00e0 emporter au cas o\u00f9 je d\u00e9ciderais de partir en excursion, en voyage ou autre ?<\/h3>\n<p>Bien entendu, nous pr\u00e9parons des paniers \u00e0 emporter en fonction des besoins et des commandes.<\/p>\n<p><img loading=\"lazy\" decoding=\"async\" class=\"alignleft wp-image-721\" src=\"https:\/\/www.hotelletizia.net\/wp-content\/uploads\/2020\/07\/diet.png\" alt=\"\" width=\"40\" height=\"40\" data-big-size=\"128x128\" \/><\/p>\n<h3>Puis-je d\u00e9duire de ma facture les repas non pris \u00e0 l&rsquo;h\u00f4tel ?<\/h3>\n<p>Les repas inclus dans la pension compl\u00e8te ou la <a href=\"https:\/\/www.hotelletizia.net\/fr\/demi-pension\/\" target=\"_blank\" rel=\"noopener\">demi-pension <\/a>qui ne sont pas consomm\u00e9s ne sont ni remboursables ni r\u00e9cup\u00e9rables le jour du d\u00e9part.<\/p>\n<p><img loading=\"lazy\" decoding=\"async\" class=\"alignleft wp-image-547\" src=\"https:\/\/www.hotelletizia.net\/wp-content\/uploads\/2018\/06\/spiaggia-128x128.png\" alt=\"\" width=\"40\" height=\"40\" data-big-size=\"128x128\" \/><\/p>\n<h3>La Plage<\/h3>\n<p>Des parasols et des chaises longues sont disponibles sur la plage.<strong> Les <a href=\"https:\/\/www.hotelletizia.net\/fr\/plage-igea-marina\/\" target=\"_blank\" rel=\"noopener\">plages partenaires<\/a><\/strong> se trouvent <strong>\u00e0 100 m\u00e8tres de l&rsquo;h\u00f4tel<\/strong> et sont facilement accessibles \u00e0 pied en 2 minutes.<\/p>\n<p><b>Pour les formules ALL INCLUSIVE, veuillez ne pas faire votre propre r\u00e9servation de plage, sinon l&rsquo;offre sera annul\u00e9e.<\/b><\/p>\n<p><img loading=\"lazy\" decoding=\"async\" class=\"alignleft wp-image-541\" src=\"https:\/\/www.hotelletizia.net\/wp-content\/uploads\/2018\/06\/bambini-128x128.png\" alt=\"\" width=\"50\" height=\"50\" data-big-size=\"128x128\" \/><\/p>\n<h3>Les enfants b\u00e9n\u00e9ficient-ils de tarifs sp\u00e9ciaux \u00e0 l&rsquo;h\u00f4tel Letizia ?<\/h3>\n<p>Les enfants b\u00e9n\u00e9ficient toujours d&rsquo;offres et de tarifs r\u00e9duits. Si vous voyagez en famille, contactez-nous d\u00e8s maintenant pour obtenir un devis adapt\u00e9 \u00e0 vos besoins.<\/p>\n<p><img loading=\"lazy\" decoding=\"async\" class=\"alignleft wp-image-544\" src=\"https:\/\/www.hotelletizia.net\/wp-content\/uploads\/2018\/06\/no-animali-128x128.png\" alt=\"\" width=\"40\" height=\"40\" data-big-size=\"128x128\" \/><\/p>\n<h3>Accueillez-vous les animaux ?<\/h3>\n<p>Non, pour assurer une hygi\u00e8ne maximale de l&rsquo;environnement, nous n&rsquo;accueillons pas d&rsquo;animaux, m\u00eame de petite taille.<\/p>\n<p><img loading=\"lazy\" decoding=\"async\" class=\"alignleft wp-image-545\" src=\"https:\/\/www.hotelletizia.net\/wp-content\/uploads\/2018\/06\/parcheggio-128x128.png\" alt=\"\" width=\"40\" height=\"40\" data-big-size=\"128x128\" \/><\/p>\n<h3>Disposez-vous d&rsquo;un parking ?<\/h3>\n<p>Oui, nous disposons de plusieurs places de parking pour nos clients. Pour ceux qui r\u00e9servent directement sur notre site Internet ou \u00e0 l&rsquo;h\u00f4tel, le parking est toujours gratuit.<\/p>\n<p><img loading=\"lazy\" decoding=\"async\" class=\"alignleft wp-image-542\" src=\"https:\/\/www.hotelletizia.net\/wp-content\/uploads\/2018\/06\/check-in-128x128.png\" alt=\"\" width=\"50\" height=\"50\" data-big-size=\"128x128\" \/><\/p>\n<h3>Quelles sont les heures d&rsquo;arriv\u00e9e et de d\u00e9part ?<\/h3>\n<p>L&rsquo;enregistrement se fait le jour de l&rsquo;arriv\u00e9e de 11h00 \u00e0 21h00. Le d\u00e9part est possible jusqu&rsquo;\u00e0 10h00 le jour du d\u00e9part. Pour retarder votre d\u00e9part et prolonger votre s\u00e9jour, veuillez nous contacter pour v\u00e9rifier la disponibilit\u00e9 des chambres.<\/p>\n<p><img loading=\"lazy\" decoding=\"async\" class=\"alignleft wp-image-542\" src=\"https:\/\/www.hotelletizia.net\/wp-content\/uploads\/2020\/06\/bonus-vacanze.png\" alt=\"\" width=\"50\" height=\"50\" data-big-size=\"128x128\" \/><\/p>\n<h3>Est-il possible d&rsquo;assurer le s\u00e9jour ?<\/h3>\n<p>\u00c0 l&rsquo;h\u00f4tel Letizia, nous s\u00e9curisons votre acompte gr\u00e2ce au service Caparra Protetta. Prot\u00e9gez votre acompte de mani\u00e8re simple et garantie, pour quelques euros seulement.<br \/>\nL&rsquo;assurance vous offre :<br \/>\nle remboursement de l&rsquo;acompte est valable pour les annulations jusqu&rsquo;\u00e0 2 jours avant l&rsquo;arriv\u00e9e (\u00e0 11h00), hors frais d&rsquo;assurance.<br \/>\nAucun certificat ou motif n&rsquo;est requis pour activer l&rsquo;annulation et le remboursement correspondant, qui sera effectu\u00e9 dans les 3 jours suivant l&rsquo;annulation.<br \/>\nAucune p\u00e9nalit\u00e9 n&rsquo;est appliqu\u00e9e en cas de d\u00e9part anticip\u00e9 pour raisons de sant\u00e9 ou de rappel vaccinal.<br \/>\nL&rsquo;activation du service de protection ne peut \u00eatre effectu\u00e9e qu&rsquo;au moment de la confirmation de la r\u00e9servation.<\/p>\n<p><em>Pour les annulations au-del\u00e0 du d\u00e9lai de deux jours, aucune p\u00e9nalit\u00e9 n&rsquo;est exig\u00e9e en plus de l&rsquo;acompte vers\u00e9.<\/em><\/p>\n","protected":false},"excerpt":{"rendered":"<p>Vous planifiez vos vacances \u00e0 Bellaria Igea Marina et vous voulez des informations sur nos services ? Si vous avez des questions, lisez ici&#8230; Voici les r\u00e9ponses aux questions les plus fr\u00e9quemment pos\u00e9es par nos h\u00f4tes : O\u00f9 puis-je r\u00e9server au meilleur prix ? Sur cette site officiel \u00a0www.hotelletizia.net\/fr nous vous garantissons toujours le meilleur prix avec parking inclus, et vous \u00eates en contact direct avec la famille Onofri, forte &#8230;<\/p>\n","protected":false},"author":1,"featured_media":0,"parent":0,"menu_order":0,"comment_status":"closed","ping_status":"closed","template":"","meta":{"_acf_changed":false},"class_list":["post-3643","page","type-page","status-publish","hentry"],"acf":[],"_links":{"self":[{"href":"https:\/\/www.hotelletizia.net\/fr\/wp-json\/wp\/v2\/pages\/3643","targetHints":{"allow":["GET"]}}],"collection":[{"href":"https:\/\/www.hotelletizia.net\/fr\/wp-json\/wp\/v2\/pages"}],"about":[{"href":"https:\/\/www.hotelletizia.net\/fr\/wp-json\/wp\/v2\/types\/page"}],"author":[{"embeddable":true,"href":"https:\/\/www.hotelletizia.net\/fr\/wp-json\/wp\/v2\/users\/1"}],"replies":[{"embeddable":true,"href":"https:\/\/www.hotelletizia.net\/fr\/wp-json\/wp\/v2\/comments?post=3643"}],"version-history":[{"count":0,"href":"https:\/\/www.hotelletizia.net\/fr\/wp-json\/wp\/v2\/pages\/3643\/revisions"}],"wp:attachment":[{"href":"https:\/\/www.hotelletizia.net\/fr\/wp-json\/wp\/v2\/media?parent=3643"}],"curies":[{"name":"wp","href":"https:\/\/api.w.org\/{rel}","templated":true}]}}