{"id":2408,"date":"2018-06-15T12:32:35","date_gmt":"2018-06-15T10:32:35","guid":{"rendered":"https:\/\/www.hotelletizia.net\/pensione-completa\/"},"modified":"2025-12-15T10:24:23","modified_gmt":"2025-12-15T09:24:23","slug":"pension-complete","status":"publish","type":"page","link":"https:\/\/www.hotelletizia.net\/fr\/pension-complete\/","title":{"rendered":"Pension Compl\u00e8te"},"content":{"rendered":"<h2>Les saveurs de la Romagne sont servies au d\u00e9jeuner et au d\u00eener.<\/h2>\n<p><strong>Voyager sans souci<\/strong>, c&rsquo;est se sentir libre et en s\u00e9curit\u00e9 loin de chez soi. <strong>La pension compl\u00e8te est id\u00e9ale pour les bons gourmands<\/strong> qui ne veulent pas manquer une seule occasion de s&rsquo;asseoir \u00e0 table et de savourer la cuisine italienne traditionnelle de l&rsquo;h\u00f4tel Letizia.<\/p>\n<h3>Les avantages de la pension compl\u00e8te:<\/h3>\n<ul>\n<li><strong>En plus de l&rsquo;h\u00e9bergement<\/strong> (vous pouvez choisir la chambre que vous pr\u00e9f\u00e9rez<a href=\"https:\/\/www.hotelletizia.net\/fr\/chambres\/\" target=\"_blank\" rel=\"noopener\"><strong> ICI)<\/strong><\/a><\/li>\n<li>\u00a0le d\u00e9jeuner et le d\u00eener au restaurant sont d\u00e9j\u00e0 inclus dans votre s\u00e9jour. Installez-vous confortablement et savourez toutes <strong>les sp\u00e9cialit\u00e9s pr\u00e9par\u00e9es par Daniela<\/strong>. Chaque plat vous offre l&rsquo;authenticit\u00e9 de la Romagne et les meilleures recettes m\u00e9diterran\u00e9ennes.<\/li>\n<li>Au petit d\u00e9jeuner, un <strong>irr\u00e9sistible buffet sucr\u00e9 et sal\u00e9 vous attend, avec des options naturelles et biologiques.<\/strong><\/li>\n<\/ul>\n<h3>Choisissez la pension compl\u00e8te \u00e0 l&rsquo;h\u00f4tel Letizia et plongez dans la r\u00e9gion qui offre la meilleure cuisine d&rsquo;Italie.<\/h3>\n<div id='gallery-1' class='gallery galleryid-2408 gallery-columns-3 gallery-size-medium'><figure class='gallery-item'>\n\t\t\t<div class='gallery-icon landscape'>\n\t\t\t\t<a href='https:\/\/www.hotelletizia.net\/wp-content\/uploads\/2019\/06\/Divano-Hotel-Letizia-Igea-Marina-1200x800-1.jpg' data-size=\"1200x800\"><img loading=\"lazy\" decoding=\"async\" width=\"640\" height=\"420\" src=\"https:\/\/www.hotelletizia.net\/wp-content\/uploads\/2019\/06\/Divano-Hotel-Letizia-Igea-Marina-1200x800-1-640x420.jpg\" class=\"attachment-medium size-medium\" alt=\"\" \/><\/a>\n\t\t\t<\/div><\/figure><figure class='gallery-item'>\n\t\t\t<div class='gallery-icon landscape'>\n\t\t\t\t<a href='https:\/\/www.hotelletizia.net\/wp-content\/uploads\/2024\/06\/Ristorante_Hotel_Letizia_Igea_Marina-8.jpg' data-size=\"1280x800\"><img loading=\"lazy\" decoding=\"async\" width=\"640\" height=\"420\" src=\"https:\/\/www.hotelletizia.net\/wp-content\/uploads\/2024\/06\/Ristorante_Hotel_Letizia_Igea_Marina-8-640x420.jpg\" class=\"attachment-medium size-medium\" alt=\"\" \/><\/a>\n\t\t\t<\/div><\/figure><figure class='gallery-item'>\n\t\t\t<div class='gallery-icon landscape'>\n\t\t\t\t<a href='https:\/\/www.hotelletizia.net\/wp-content\/uploads\/2018\/04\/Camera_Standard-letizia-6.jpg' data-size=\"1001x501\"><img loading=\"lazy\" decoding=\"async\" width=\"640\" height=\"420\" src=\"https:\/\/www.hotelletizia.net\/wp-content\/uploads\/2018\/04\/Camera_Standard-letizia-6-640x420.jpg\" class=\"attachment-medium size-medium\" alt=\"\" \/><\/a>\n\t\t\t<\/div><\/figure><figure class='gallery-item'>\n\t\t\t<div class='gallery-icon landscape'>\n\t\t\t\t<a href='https:\/\/www.hotelletizia.net\/wp-content\/uploads\/2019\/06\/Tavolone-Hotel-Letizia-Igea-Marina-1200x800.jpg' data-size=\"1200x800\"><img loading=\"lazy\" decoding=\"async\" width=\"640\" height=\"420\" src=\"https:\/\/www.hotelletizia.net\/wp-content\/uploads\/2019\/06\/Tavolone-Hotel-Letizia-Igea-Marina-1200x800-640x420.jpg\" class=\"attachment-medium size-medium\" alt=\"\" \/><\/a>\n\t\t\t<\/div><\/figure><figure class='gallery-item'>\n\t\t\t<div class='gallery-icon landscape'>\n\t\t\t\t<a href='https:\/\/www.hotelletizia.net\/wp-content\/uploads\/2022\/08\/Gallery-Hotel-Letizia-Bellaria-Camera-Comfort-09.jpg' data-size=\"1150x768\"><img loading=\"lazy\" decoding=\"async\" width=\"640\" height=\"420\" src=\"https:\/\/www.hotelletizia.net\/wp-content\/uploads\/2022\/08\/Gallery-Hotel-Letizia-Bellaria-Camera-Comfort-09-640x420.jpg\" class=\"attachment-medium size-medium\" alt=\"\" \/><\/a>\n\t\t\t<\/div><\/figure><figure class='gallery-item'>\n\t\t\t<div class='gallery-icon landscape'>\n\t\t\t\t<a href='https:\/\/www.hotelletizia.net\/wp-content\/uploads\/2021\/05\/Colazione-Hotel-Letizia-Igea-Marina-1280X800-4.jpg' data-size=\"1280x800\"><img loading=\"lazy\" decoding=\"async\" width=\"640\" height=\"420\" src=\"https:\/\/www.hotelletizia.net\/wp-content\/uploads\/2021\/05\/Colazione-Hotel-Letizia-Igea-Marina-1280X800-4-640x420.jpg\" class=\"attachment-medium size-medium\" alt=\"\" \/><\/a>\n\t\t\t<\/div><\/figure><figure class='gallery-item'>\n\t\t\t<div class='gallery-icon landscape'>\n\t\t\t\t<a href='https:\/\/www.hotelletizia.net\/wp-content\/uploads\/2024\/06\/Ristorante_Hotel_Letizia_Igea_Marina-1.jpg' data-size=\"1280x800\"><img loading=\"lazy\" decoding=\"async\" width=\"640\" height=\"420\" src=\"https:\/\/www.hotelletizia.net\/wp-content\/uploads\/2024\/06\/Ristorante_Hotel_Letizia_Igea_Marina-1-640x420.jpg\" class=\"attachment-medium size-medium\" alt=\"\" \/><\/a>\n\t\t\t<\/div><\/figure><figure class='gallery-item'>\n\t\t\t<div class='gallery-icon landscape'>\n\t\t\t\t<a href='https:\/\/www.hotelletizia.net\/wp-content\/uploads\/2019\/06\/Cuscini-Hotel-Letizia-Igea-Marina-1200x800-1.jpg' data-size=\"1200x800\"><img loading=\"lazy\" decoding=\"async\" width=\"640\" height=\"420\" src=\"https:\/\/www.hotelletizia.net\/wp-content\/uploads\/2019\/06\/Cuscini-Hotel-Letizia-Igea-Marina-1200x800-1-640x420.jpg\" class=\"attachment-medium size-medium\" alt=\"\" \/><\/a>\n\t\t\t<\/div><\/figure><figure class='gallery-item'>\n\t\t\t<div class='gallery-icon landscape'>\n\t\t\t\t<a href='https:\/\/www.hotelletizia.net\/wp-content\/uploads\/2024\/06\/Cucina_Hotel_Letizia_Igea_Marina-1.jpg' data-size=\"1280x800\"><img loading=\"lazy\" decoding=\"async\" width=\"640\" height=\"420\" src=\"https:\/\/www.hotelletizia.net\/wp-content\/uploads\/2024\/06\/Cucina_Hotel_Letizia_Igea_Marina-1-640x420.jpg\" class=\"attachment-medium size-medium\" alt=\"\" \/><\/a>\n\t\t\t<\/div><\/figure><figure class='gallery-item'>\n\t\t\t<div class='gallery-icon landscape'>\n\t\t\t\t<a href='https:\/\/www.hotelletizia.net\/wp-content\/uploads\/2019\/06\/Hall-Hotel-Letizia-Igea-Marina-1200x800.jpg' data-size=\"1200x800\"><img loading=\"lazy\" decoding=\"async\" width=\"640\" height=\"420\" src=\"https:\/\/www.hotelletizia.net\/wp-content\/uploads\/2019\/06\/Hall-Hotel-Letizia-Igea-Marina-1200x800-640x420.jpg\" class=\"attachment-medium size-medium\" alt=\"Promo Giugno All Inclusive Hotel Letizia igea Marina\" \/><\/a>\n\t\t\t<\/div><\/figure><figure class='gallery-item'>\n\t\t\t<div class='gallery-icon landscape'>\n\t\t\t\t<a href='https:\/\/www.hotelletizia.net\/wp-content\/uploads\/2018\/06\/cucina-hotel-letizia-igea-marina.jpg' data-size=\"1200x800\"><img loading=\"lazy\" decoding=\"async\" width=\"640\" height=\"420\" src=\"https:\/\/www.hotelletizia.net\/wp-content\/uploads\/2018\/06\/cucina-hotel-letizia-igea-marina-640x420.jpg\" class=\"attachment-medium size-medium\" alt=\"\" \/><\/a>\n\t\t\t<\/div><\/figure><figure class='gallery-item'>\n\t\t\t<div class='gallery-icon landscape'>\n\t\t\t\t<a href='https:\/\/www.hotelletizia.net\/wp-content\/uploads\/2022\/08\/Gallery-Hotel-Letizia-Bellaria-Camera-Comfort-03.jpg' data-size=\"1150x768\"><img loading=\"lazy\" decoding=\"async\" width=\"640\" height=\"420\" src=\"https:\/\/www.hotelletizia.net\/wp-content\/uploads\/2022\/08\/Gallery-Hotel-Letizia-Bellaria-Camera-Comfort-03-640x420.jpg\" class=\"attachment-medium size-medium\" alt=\"\" \/><\/a>\n\t\t\t<\/div><\/figure><figure class='gallery-item'>\n\t\t\t<div class='gallery-icon landscape'>\n\t\t\t\t<a href='https:\/\/www.hotelletizia.net\/wp-content\/uploads\/2022\/08\/Gallery-Hotel-Letizia-Bellaria-Camera-Comfort-06.jpg' data-size=\"1150x768\"><img loading=\"lazy\" decoding=\"async\" width=\"640\" height=\"420\" src=\"https:\/\/www.hotelletizia.net\/wp-content\/uploads\/2022\/08\/Gallery-Hotel-Letizia-Bellaria-Camera-Comfort-06-640x420.jpg\" class=\"attachment-medium size-medium\" alt=\"\" \/><\/a>\n\t\t\t<\/div><\/figure><figure class='gallery-item'>\n\t\t\t<div class='gallery-icon landscape'>\n\t\t\t\t<a href='https:\/\/www.hotelletizia.net\/wp-content\/uploads\/2022\/08\/Gallery-Hotel-Letizia-Bellaria-Camera-Comfort-17.jpg' data-size=\"1150x768\"><img loading=\"lazy\" decoding=\"async\" width=\"640\" height=\"420\" src=\"https:\/\/www.hotelletizia.net\/wp-content\/uploads\/2022\/08\/Gallery-Hotel-Letizia-Bellaria-Camera-Comfort-17-640x420.jpg\" class=\"attachment-medium size-medium\" alt=\"\" \/><\/a>\n\t\t\t<\/div><\/figure><figure class='gallery-item'>\n\t\t\t<div class='gallery-icon landscape'>\n\t\t\t\t<a href='https:\/\/www.hotelletizia.net\/wp-content\/uploads\/2018\/04\/Camera-Mansarda-Vista-Mare-Hotel-Letizia-Igea-Marina-8.jpg' data-size=\"1000x500\"><img loading=\"lazy\" decoding=\"async\" width=\"640\" height=\"420\" src=\"https:\/\/www.hotelletizia.net\/wp-content\/uploads\/2018\/04\/Camera-Mansarda-Vista-Mare-Hotel-Letizia-Igea-Marina-8-640x420.jpg\" class=\"attachment-medium size-medium\" alt=\"\" \/><\/a>\n\t\t\t<\/div><\/figure><figure class='gallery-item'>\n\t\t\t<div class='gallery-icon landscape'>\n\t\t\t\t<a href='https:\/\/www.hotelletizia.net\/wp-content\/uploads\/2018\/04\/Camera-Mansarda-Vista-Mare-Hotel-Letizia-Igea-Marina-4.jpg' data-size=\"1000x500\"><img loading=\"lazy\" decoding=\"async\" width=\"640\" height=\"420\" src=\"https:\/\/www.hotelletizia.net\/wp-content\/uploads\/2018\/04\/Camera-Mansarda-Vista-Mare-Hotel-Letizia-Igea-Marina-4-640x420.jpg\" class=\"attachment-medium size-medium\" alt=\"\" \/><\/a>\n\t\t\t<\/div><\/figure><figure class='gallery-item'>\n\t\t\t<div class='gallery-icon landscape'>\n\t\t\t\t<a href='https:\/\/www.hotelletizia.net\/wp-content\/uploads\/2024\/06\/Ristorante_Hotel_Letizia_Igea_Marina-9.jpg' data-size=\"1280x800\"><img loading=\"lazy\" decoding=\"async\" width=\"640\" height=\"420\" src=\"https:\/\/www.hotelletizia.net\/wp-content\/uploads\/2024\/06\/Ristorante_Hotel_Letizia_Igea_Marina-9-640x420.jpg\" class=\"attachment-medium size-medium\" alt=\"\" \/><\/a>\n\t\t\t<\/div><\/figure><figure class='gallery-item'>\n\t\t\t<div class='gallery-icon landscape'>\n\t\t\t\t<a href='https:\/\/www.hotelletizia.net\/wp-content\/uploads\/2018\/04\/Bagno-Camera-Mansarda-Vista-Mare-Hotel-Letizia-Igea-Marina-7.jpg' data-size=\"1000x500\"><img loading=\"lazy\" decoding=\"async\" width=\"640\" height=\"420\" src=\"https:\/\/www.hotelletizia.net\/wp-content\/uploads\/2018\/04\/Bagno-Camera-Mansarda-Vista-Mare-Hotel-Letizia-Igea-Marina-7-640x420.jpg\" class=\"attachment-medium size-medium\" alt=\"\" \/><\/a>\n\t\t\t<\/div><\/figure><figure class='gallery-item'>\n\t\t\t<div class='gallery-icon landscape'>\n\t\t\t\t<a href='https:\/\/www.hotelletizia.net\/wp-content\/uploads\/2022\/08\/Gallery-Hotel-Letizia-Bellaria-Camera-Comfort-15.jpg' data-size=\"1150x768\"><img loading=\"lazy\" decoding=\"async\" width=\"640\" height=\"420\" src=\"https:\/\/www.hotelletizia.net\/wp-content\/uploads\/2022\/08\/Gallery-Hotel-Letizia-Bellaria-Camera-Comfort-15-640x420.jpg\" class=\"attachment-medium size-medium\" alt=\"\" \/><\/a>\n\t\t\t<\/div><\/figure><figure class='gallery-item'>\n\t\t\t<div class='gallery-icon landscape'>\n\t\t\t\t<a href='https:\/\/www.hotelletizia.net\/wp-content\/uploads\/2019\/06\/Panoramica-Hotel-Letizia-Igea-Marina-1200x800-1.jpg' data-size=\"1200x800\"><img loading=\"lazy\" decoding=\"async\" width=\"640\" height=\"420\" src=\"https:\/\/www.hotelletizia.net\/wp-content\/uploads\/2019\/06\/Panoramica-Hotel-Letizia-Igea-Marina-1200x800-1-640x420.jpg\" class=\"attachment-medium size-medium\" alt=\"\" \/><\/a>\n\t\t\t<\/div><\/figure><figure class='gallery-item'>\n\t\t\t<div class='gallery-icon landscape'>\n\t\t\t\t<a href='https:\/\/www.hotelletizia.net\/wp-content\/uploads\/2018\/04\/Camera_Standard-letizia-1.jpg' data-size=\"1000x500\"><img loading=\"lazy\" decoding=\"async\" width=\"640\" height=\"420\" src=\"https:\/\/www.hotelletizia.net\/wp-content\/uploads\/2018\/04\/Camera_Standard-letizia-1-640x420.jpg\" class=\"attachment-medium size-medium\" alt=\"\" \/><\/a>\n\t\t\t<\/div><\/figure><figure class='gallery-item'>\n\t\t\t<div class='gallery-icon landscape'>\n\t\t\t\t<a href='https:\/\/www.hotelletizia.net\/wp-content\/uploads\/2019\/06\/Tavolini-vetrata-Hotel-Letizia-Igea-Marina-1200x800-1.jpg' data-size=\"1200x800\"><img loading=\"lazy\" decoding=\"async\" width=\"640\" height=\"420\" src=\"https:\/\/www.hotelletizia.net\/wp-content\/uploads\/2019\/06\/Tavolini-vetrata-Hotel-Letizia-Igea-Marina-1200x800-1-640x420.jpg\" class=\"attachment-medium size-medium\" alt=\"\" \/><\/a>\n\t\t\t<\/div><\/figure><figure class='gallery-item'>\n\t\t\t<div class='gallery-icon landscape'>\n\t\t\t\t<a href='https:\/\/www.hotelletizia.net\/wp-content\/uploads\/2022\/08\/Gallery-Hotel-Letizia-Bellaria-Camera-Comfort-01.jpg' data-size=\"1150x768\"><img loading=\"lazy\" decoding=\"async\" width=\"640\" height=\"420\" src=\"https:\/\/www.hotelletizia.net\/wp-content\/uploads\/2022\/08\/Gallery-Hotel-Letizia-Bellaria-Camera-Comfort-01-640x420.jpg\" class=\"attachment-medium size-medium\" alt=\"\" \/><\/a>\n\t\t\t<\/div><\/figure><figure class='gallery-item'>\n\t\t\t<div class='gallery-icon landscape'>\n\t\t\t\t<a href='https:\/\/www.hotelletizia.net\/wp-content\/uploads\/2022\/08\/Gallery-Hotel-Letizia-Bellaria-Camera-Comfort-02.jpg' data-size=\"1150x768\"><img loading=\"lazy\" decoding=\"async\" width=\"640\" height=\"420\" src=\"https:\/\/www.hotelletizia.net\/wp-content\/uploads\/2022\/08\/Gallery-Hotel-Letizia-Bellaria-Camera-Comfort-02-640x420.jpg\" class=\"attachment-medium size-medium\" alt=\"\" \/><\/a>\n\t\t\t<\/div><\/figure><figure class='gallery-item'>\n\t\t\t<div class='gallery-icon landscape'>\n\t\t\t\t<a href='https:\/\/www.hotelletizia.net\/wp-content\/uploads\/2019\/06\/Tavolini-Hall-hotel-Letizia-Igea-Marina-1200x800-1.jpg' data-size=\"1200x800\"><img loading=\"lazy\" decoding=\"async\" width=\"640\" height=\"420\" src=\"https:\/\/www.hotelletizia.net\/wp-content\/uploads\/2019\/06\/Tavolini-Hall-hotel-Letizia-Igea-Marina-1200x800-1-640x420.jpg\" class=\"attachment-medium size-medium\" alt=\"\" \/><\/a>\n\t\t\t<\/div><\/figure><figure class='gallery-item'>\n\t\t\t<div class='gallery-icon landscape'>\n\t\t\t\t<a href='https:\/\/www.hotelletizia.net\/wp-content\/uploads\/2022\/08\/Gallery-Hotel-Letizia-Bellaria-Camera-Comfort-10.jpg' data-size=\"1150x768\"><img loading=\"lazy\" decoding=\"async\" width=\"640\" height=\"420\" src=\"https:\/\/www.hotelletizia.net\/wp-content\/uploads\/2022\/08\/Gallery-Hotel-Letizia-Bellaria-Camera-Comfort-10-640x420.jpg\" class=\"attachment-medium size-medium\" alt=\"\" \/><\/a>\n\t\t\t<\/div><\/figure><figure class='gallery-item'>\n\t\t\t<div class='gallery-icon landscape'>\n\t\t\t\t<a href='https:\/\/www.hotelletizia.net\/wp-content\/uploads\/2024\/05\/Camera_Standard-letizia_1150x76.jpg' data-size=\"1150x768\"><img loading=\"lazy\" decoding=\"async\" width=\"640\" height=\"420\" src=\"https:\/\/www.hotelletizia.net\/wp-content\/uploads\/2024\/05\/Camera_Standard-letizia_1150x76-640x420.jpg\" class=\"attachment-medium size-medium\" alt=\"\" \/><\/a>\n\t\t\t<\/div><\/figure>\n\t\t<\/div>\n\n<p>&nbsp;<\/p>\n<p>&nbsp;<\/p>\n","protected":false},"excerpt":{"rendered":"<p>Les saveurs de la Romagne sont servies au d\u00e9jeuner et au d\u00eener. Voyager sans souci, c&rsquo;est se sentir libre et en s\u00e9curit\u00e9 loin de chez soi. La pension compl\u00e8te est id\u00e9ale pour les bons gourmands qui ne veulent pas manquer une seule occasion de s&rsquo;asseoir \u00e0 table et de savourer la cuisine italienne traditionnelle de l&rsquo;h\u00f4tel Letizia. Les avantages de la pension compl\u00e8te: En plus de l&rsquo;h\u00e9bergement (vous pouvez choisir &#8230;<\/p>\n","protected":false},"author":1,"featured_media":0,"parent":0,"menu_order":0,"comment_status":"closed","ping_status":"closed","template":"","meta":{"_acf_changed":false},"class_list":["post-2408","page","type-page","status-publish","hentry"],"acf":[],"_links":{"self":[{"href":"https:\/\/www.hotelletizia.net\/fr\/wp-json\/wp\/v2\/pages\/2408","targetHints":{"allow":["GET"]}}],"collection":[{"href":"https:\/\/www.hotelletizia.net\/fr\/wp-json\/wp\/v2\/pages"}],"about":[{"href":"https:\/\/www.hotelletizia.net\/fr\/wp-json\/wp\/v2\/types\/page"}],"author":[{"embeddable":true,"href":"https:\/\/www.hotelletizia.net\/fr\/wp-json\/wp\/v2\/users\/1"}],"replies":[{"embeddable":true,"href":"https:\/\/www.hotelletizia.net\/fr\/wp-json\/wp\/v2\/comments?post=2408"}],"version-history":[{"count":0,"href":"https:\/\/www.hotelletizia.net\/fr\/wp-json\/wp\/v2\/pages\/2408\/revisions"}],"wp:attachment":[{"href":"https:\/\/www.hotelletizia.net\/fr\/wp-json\/wp\/v2\/media?parent=2408"}],"curies":[{"name":"wp","href":"https:\/\/api.w.org\/{rel}","templated":true}]}}