{"id":2405,"date":"2018-06-15T12:41:55","date_gmt":"2018-06-15T10:41:55","guid":{"rendered":"https:\/\/www.hotelletizia.net\/mezza-pensione\/"},"modified":"2025-12-15T10:30:58","modified_gmt":"2025-12-15T09:30:58","slug":"demi-pension","status":"publish","type":"page","link":"https:\/\/www.hotelletizia.net\/fr\/demi-pension\/","title":{"rendered":"Demi-pension"},"content":{"rendered":"<h2>Petit-d\u00e9jeuner et repas au choix, au restaurant de l&rsquo;h\u00f4tel Letizia<\/h2>\n<p>Pour vous, \u00eatre en vacances signifie se la couler douce et tout vivre avec un maximum de libert\u00e9 ? \u00c0 l&rsquo;h\u00f4tel Letizia, <strong>la demi-pension est le choix le plus flexible<\/strong>.<\/p>\n<h3>Les avantages de la demi-pension :<\/h3>\n<ul>\n<li>Apr\u00e8s avoir pass\u00e9 la nuit \u00e0 l&rsquo;h\u00f4tel (vous avez le choix entre <a href=\"https:\/\/www.hotelletizia.net\/fr\/chambres\/\"><strong>4 types de chambres<\/strong><\/a>),<\/li>\n<li>un <strong>copieux petit-d\u00e9jeuner buffet vous attend<\/strong>, id\u00e9al pour partir du bon pied.<br \/>\nVotre journ\u00e9e de vacances commence alors !<\/li>\n<\/ul>\n<p><strong><span style=\"font-size: 16pt;\">Comment voulez-vous occuper votre temps ?<\/span><\/strong><br \/>\n<span style=\"font-size: 12pt;\">Sur la plage ? Dans l&rsquo;arri\u00e8re-pays de Rimini ? Vous faites du shopping ? <strong>Quels que soient vos projets, avec la demi-pension, un repas \u00e0 l&rsquo;h\u00f4tel est d\u00e9j\u00e0 inclus dans votre s\u00e9jour<\/strong>. D\u00e9jeuner ou d\u00eener ? Vous choisissez en fonction de vos projets !<\/span><\/p>\n<div id='gallery-1' class='gallery galleryid-2405 gallery-columns-3 gallery-size-medium'><figure class='gallery-item'>\n\t\t\t<div class='gallery-icon landscape'>\n\t\t\t\t<a href='https:\/\/www.hotelletizia.net\/wp-content\/uploads\/2019\/06\/Divano-Hotel-Letizia-Igea-Marina-1200x800-1.jpg' data-size=\"1200x800\"><img loading=\"lazy\" decoding=\"async\" width=\"640\" height=\"420\" src=\"https:\/\/www.hotelletizia.net\/wp-content\/uploads\/2019\/06\/Divano-Hotel-Letizia-Igea-Marina-1200x800-1-640x420.jpg\" class=\"attachment-medium size-medium\" alt=\"\" \/><\/a>\n\t\t\t<\/div><\/figure><figure class='gallery-item'>\n\t\t\t<div class='gallery-icon landscape'>\n\t\t\t\t<a href='https:\/\/www.hotelletizia.net\/wp-content\/uploads\/2024\/06\/Ristorante_Hotel_Letizia_Igea_Marina-8.jpg' data-size=\"1280x800\"><img loading=\"lazy\" decoding=\"async\" width=\"640\" height=\"420\" src=\"https:\/\/www.hotelletizia.net\/wp-content\/uploads\/2024\/06\/Ristorante_Hotel_Letizia_Igea_Marina-8-640x420.jpg\" class=\"attachment-medium size-medium\" alt=\"\" \/><\/a>\n\t\t\t<\/div><\/figure><figure class='gallery-item'>\n\t\t\t<div class='gallery-icon landscape'>\n\t\t\t\t<a href='https:\/\/www.hotelletizia.net\/wp-content\/uploads\/2019\/06\/Lampade-pesci-Hotel-Letizia-Igea-Marina-1200x800.jpg' data-size=\"1200x800\"><img loading=\"lazy\" decoding=\"async\" width=\"640\" height=\"420\" src=\"https:\/\/www.hotelletizia.net\/wp-content\/uploads\/2019\/06\/Lampade-pesci-Hotel-Letizia-Igea-Marina-1200x800-640x420.jpg\" class=\"attachment-medium size-medium\" alt=\"\" \/><\/a>\n\t\t\t<\/div><\/figure><figure class='gallery-item'>\n\t\t\t<div class='gallery-icon landscape'>\n\t\t\t\t<a href='https:\/\/www.hotelletizia.net\/wp-content\/uploads\/2022\/08\/Gallery-Hotel-Letizia-Bellaria-Camera-Comfort-17.jpg' data-size=\"1150x768\"><img loading=\"lazy\" decoding=\"async\" width=\"640\" height=\"420\" src=\"https:\/\/www.hotelletizia.net\/wp-content\/uploads\/2022\/08\/Gallery-Hotel-Letizia-Bellaria-Camera-Comfort-17-640x420.jpg\" class=\"attachment-medium size-medium\" alt=\"\" \/><\/a>\n\t\t\t<\/div><\/figure><figure class='gallery-item'>\n\t\t\t<div class='gallery-icon landscape'>\n\t\t\t\t<a href='https:\/\/www.hotelletizia.net\/wp-content\/uploads\/2024\/06\/Ristorante_Hotel_Letizia_Igea_Marina-1.jpg' data-size=\"1280x800\"><img loading=\"lazy\" decoding=\"async\" width=\"640\" height=\"420\" src=\"https:\/\/www.hotelletizia.net\/wp-content\/uploads\/2024\/06\/Ristorante_Hotel_Letizia_Igea_Marina-1-640x420.jpg\" class=\"attachment-medium size-medium\" alt=\"\" \/><\/a>\n\t\t\t<\/div><\/figure><figure class='gallery-item'>\n\t\t\t<div class='gallery-icon landscape'>\n\t\t\t\t<a href='https:\/\/www.hotelletizia.net\/wp-content\/uploads\/2022\/08\/Slide-Hotel-Letizia-Bellaria-Camere-Comfort-01.jpg' data-size=\"1280x800\"><img loading=\"lazy\" decoding=\"async\" width=\"640\" height=\"420\" src=\"https:\/\/www.hotelletizia.net\/wp-content\/uploads\/2022\/08\/Slide-Hotel-Letizia-Bellaria-Camere-Comfort-01-640x420.jpg\" class=\"attachment-medium size-medium\" alt=\"\" \/><\/a>\n\t\t\t<\/div><\/figure><figure class='gallery-item'>\n\t\t\t<div class='gallery-icon landscape'>\n\t\t\t\t<a href='https:\/\/www.hotelletizia.net\/wp-content\/uploads\/2022\/08\/Gallery-Hotel-Letizia-Bellaria-Camera-Comfort-05.jpg' data-size=\"1150x768\"><img loading=\"lazy\" decoding=\"async\" width=\"640\" height=\"420\" src=\"https:\/\/www.hotelletizia.net\/wp-content\/uploads\/2022\/08\/Gallery-Hotel-Letizia-Bellaria-Camera-Comfort-05-640x420.jpg\" class=\"attachment-medium size-medium\" alt=\"\" \/><\/a>\n\t\t\t<\/div><\/figure><figure class='gallery-item'>\n\t\t\t<div class='gallery-icon landscape'>\n\t\t\t\t<a href='https:\/\/www.hotelletizia.net\/wp-content\/uploads\/2018\/04\/Camera-Tripla-Standard-Hotel-Letizia-Igea-Marina.jpg' data-size=\"1000x500\"><img loading=\"lazy\" decoding=\"async\" width=\"640\" height=\"420\" src=\"https:\/\/www.hotelletizia.net\/wp-content\/uploads\/2018\/04\/Camera-Tripla-Standard-Hotel-Letizia-Igea-Marina-640x420.jpg\" class=\"attachment-medium size-medium\" alt=\"\" \/><\/a>\n\t\t\t<\/div><\/figure><figure class='gallery-item'>\n\t\t\t<div class='gallery-icon landscape'>\n\t\t\t\t<a href='https:\/\/www.hotelletizia.net\/wp-content\/uploads\/2021\/05\/Colazione-Hotel-Letizia-Igea-Marina-1280X800-4.jpg' data-size=\"1280x800\"><img loading=\"lazy\" decoding=\"async\" width=\"640\" height=\"420\" src=\"https:\/\/www.hotelletizia.net\/wp-content\/uploads\/2021\/05\/Colazione-Hotel-Letizia-Igea-Marina-1280X800-4-640x420.jpg\" class=\"attachment-medium size-medium\" alt=\"\" \/><\/a>\n\t\t\t<\/div><\/figure><figure class='gallery-item'>\n\t\t\t<div class='gallery-icon landscape'>\n\t\t\t\t<a href='https:\/\/www.hotelletizia.net\/wp-content\/uploads\/2018\/04\/Camera-Tripla-Standard-Hotel-Letizia-Igea-Marina-3.jpg' data-size=\"1000x500\"><img loading=\"lazy\" decoding=\"async\" width=\"640\" height=\"420\" src=\"https:\/\/www.hotelletizia.net\/wp-content\/uploads\/2018\/04\/Camera-Tripla-Standard-Hotel-Letizia-Igea-Marina-3-640x420.jpg\" class=\"attachment-medium size-medium\" alt=\"\" \/><\/a>\n\t\t\t<\/div><\/figure><figure class='gallery-item'>\n\t\t\t<div class='gallery-icon landscape'>\n\t\t\t\t<a href='https:\/\/www.hotelletizia.net\/wp-content\/uploads\/2018\/04\/Bagno-Camera-Standard-Hotel-Letizia-Igea-Marina-3.jpg' data-size=\"1000x500\"><img loading=\"lazy\" decoding=\"async\" width=\"640\" height=\"420\" src=\"https:\/\/www.hotelletizia.net\/wp-content\/uploads\/2018\/04\/Bagno-Camera-Standard-Hotel-Letizia-Igea-Marina-3-640x420.jpg\" class=\"attachment-medium size-medium\" alt=\"\" \/><\/a>\n\t\t\t<\/div><\/figure><figure class='gallery-item'>\n\t\t\t<div class='gallery-icon landscape'>\n\t\t\t\t<a href='https:\/\/www.hotelletizia.net\/wp-content\/uploads\/2019\/06\/Particolare-tavoli-hotel-Letizia-Igea-Marina-1200x800.jpg' data-size=\"1200x800\"><img loading=\"lazy\" decoding=\"async\" width=\"640\" height=\"420\" src=\"https:\/\/www.hotelletizia.net\/wp-content\/uploads\/2019\/06\/Particolare-tavoli-hotel-Letizia-Igea-Marina-1200x800-640x420.jpg\" class=\"attachment-medium size-medium\" alt=\"\" \/><\/a>\n\t\t\t<\/div><\/figure><figure class='gallery-item'>\n\t\t\t<div class='gallery-icon landscape'>\n\t\t\t\t<a href='https:\/\/www.hotelletizia.net\/wp-content\/uploads\/2019\/06\/Panoramica-Hotel-Letizia-Igea-Marina-1200x800-1.jpg' data-size=\"1200x800\"><img loading=\"lazy\" decoding=\"async\" width=\"640\" height=\"420\" src=\"https:\/\/www.hotelletizia.net\/wp-content\/uploads\/2019\/06\/Panoramica-Hotel-Letizia-Igea-Marina-1200x800-1-640x420.jpg\" class=\"attachment-medium size-medium\" alt=\"\" \/><\/a>\n\t\t\t<\/div><\/figure><figure class='gallery-item'>\n\t\t\t<div class='gallery-icon landscape'>\n\t\t\t\t<a href='https:\/\/www.hotelletizia.net\/wp-content\/uploads\/2021\/05\/Colazione-Hotel-Letizia-Igea-Marina-1280X800-2.jpg' data-size=\"1280x800\"><img loading=\"lazy\" decoding=\"async\" width=\"640\" height=\"420\" src=\"https:\/\/www.hotelletizia.net\/wp-content\/uploads\/2021\/05\/Colazione-Hotel-Letizia-Igea-Marina-1280X800-2-640x420.jpg\" class=\"attachment-medium size-medium\" alt=\"\" \/><\/a>\n\t\t\t<\/div><\/figure><figure class='gallery-item'>\n\t\t\t<div class='gallery-icon landscape'>\n\t\t\t\t<a href='https:\/\/www.hotelletizia.net\/wp-content\/uploads\/2021\/05\/Colazione-Hotel-Letizia-Igea-Marina-1280X800-1.jpg' data-size=\"1280x800\"><img loading=\"lazy\" decoding=\"async\" width=\"640\" height=\"420\" src=\"https:\/\/www.hotelletizia.net\/wp-content\/uploads\/2021\/05\/Colazione-Hotel-Letizia-Igea-Marina-1280X800-1-640x420.jpg\" class=\"attachment-medium size-medium\" alt=\"\" \/><\/a>\n\t\t\t<\/div><\/figure><figure class='gallery-item'>\n\t\t\t<div class='gallery-icon landscape'>\n\t\t\t\t<a href='https:\/\/www.hotelletizia.net\/wp-content\/uploads\/2018\/06\/cucina-hotel-letizia-igea-marina.jpg' data-size=\"1200x800\"><img loading=\"lazy\" decoding=\"async\" width=\"640\" height=\"420\" src=\"https:\/\/www.hotelletizia.net\/wp-content\/uploads\/2018\/06\/cucina-hotel-letizia-igea-marina-640x420.jpg\" class=\"attachment-medium size-medium\" alt=\"\" \/><\/a>\n\t\t\t<\/div><\/figure><figure class='gallery-item'>\n\t\t\t<div class='gallery-icon landscape'>\n\t\t\t\t<a href='https:\/\/www.hotelletizia.net\/wp-content\/uploads\/2019\/06\/Sala-Hotel-Letizia-Igea-Marina-1200x800.jpg' data-size=\"1200x800\"><img loading=\"lazy\" decoding=\"async\" width=\"640\" height=\"420\" src=\"https:\/\/www.hotelletizia.net\/wp-content\/uploads\/2019\/06\/Sala-Hotel-Letizia-Igea-Marina-1200x800-640x420.jpg\" class=\"attachment-medium size-medium\" alt=\"\" \/><\/a>\n\t\t\t<\/div><\/figure><figure class='gallery-item'>\n\t\t\t<div class='gallery-icon landscape'>\n\t\t\t\t<a href='https:\/\/www.hotelletizia.net\/wp-content\/uploads\/2019\/06\/Bar-Hotel-Letizia-Igea-Marina-1200x800-1.jpg' data-size=\"1200x800\"><img loading=\"lazy\" decoding=\"async\" width=\"640\" height=\"420\" src=\"https:\/\/www.hotelletizia.net\/wp-content\/uploads\/2019\/06\/Bar-Hotel-Letizia-Igea-Marina-1200x800-1-640x420.jpg\" class=\"attachment-medium size-medium\" alt=\"\" \/><\/a>\n\t\t\t<\/div><\/figure><figure class='gallery-item'>\n\t\t\t<div class='gallery-icon landscape'>\n\t\t\t\t<a href='https:\/\/www.hotelletizia.net\/wp-content\/uploads\/2022\/08\/Gallery-Hotel-Letizia-Bellaria-Camera-Comfort-06.jpg' data-size=\"1150x768\"><img loading=\"lazy\" decoding=\"async\" width=\"640\" height=\"420\" src=\"https:\/\/www.hotelletizia.net\/wp-content\/uploads\/2022\/08\/Gallery-Hotel-Letizia-Bellaria-Camera-Comfort-06-640x420.jpg\" class=\"attachment-medium size-medium\" alt=\"\" \/><\/a>\n\t\t\t<\/div><\/figure><figure class='gallery-item'>\n\t\t\t<div class='gallery-icon landscape'>\n\t\t\t\t<a href='https:\/\/www.hotelletizia.net\/wp-content\/uploads\/2022\/08\/Gallery-Hotel-Letizia-Bellaria-Camera-Comfort-09.jpg' data-size=\"1150x768\"><img loading=\"lazy\" decoding=\"async\" width=\"640\" height=\"420\" src=\"https:\/\/www.hotelletizia.net\/wp-content\/uploads\/2022\/08\/Gallery-Hotel-Letizia-Bellaria-Camera-Comfort-09-640x420.jpg\" class=\"attachment-medium size-medium\" alt=\"\" \/><\/a>\n\t\t\t<\/div><\/figure><figure class='gallery-item'>\n\t\t\t<div class='gallery-icon landscape'>\n\t\t\t\t<a href='https:\/\/www.hotelletizia.net\/wp-content\/uploads\/2024\/06\/ri-1.jpg' data-size=\"1280x800\"><img loading=\"lazy\" decoding=\"async\" width=\"640\" height=\"420\" src=\"https:\/\/www.hotelletizia.net\/wp-content\/uploads\/2024\/06\/ri-1-640x420.jpg\" class=\"attachment-medium size-medium\" alt=\"\" \/><\/a>\n\t\t\t<\/div><\/figure><figure class='gallery-item'>\n\t\t\t<div class='gallery-icon landscape'>\n\t\t\t\t<a href='https:\/\/www.hotelletizia.net\/wp-content\/uploads\/2022\/08\/Gallery-Hotel-Letizia-Bellaria-Camera-Comfort-10.jpg' data-size=\"1150x768\"><img loading=\"lazy\" decoding=\"async\" width=\"640\" height=\"420\" src=\"https:\/\/www.hotelletizia.net\/wp-content\/uploads\/2022\/08\/Gallery-Hotel-Letizia-Bellaria-Camera-Comfort-10-640x420.jpg\" class=\"attachment-medium size-medium\" alt=\"\" \/><\/a>\n\t\t\t<\/div><\/figure><figure class='gallery-item'>\n\t\t\t<div class='gallery-icon landscape'>\n\t\t\t\t<a href='https:\/\/www.hotelletizia.net\/wp-content\/uploads\/2018\/04\/Camera-Mansarda-Vista-Mare-Hotel-Letizia-Igea-Marina-4.jpg' data-size=\"1000x500\"><img loading=\"lazy\" decoding=\"async\" width=\"640\" height=\"420\" src=\"https:\/\/www.hotelletizia.net\/wp-content\/uploads\/2018\/04\/Camera-Mansarda-Vista-Mare-Hotel-Letizia-Igea-Marina-4-640x420.jpg\" class=\"attachment-medium size-medium\" alt=\"\" \/><\/a>\n\t\t\t<\/div><\/figure><figure class='gallery-item'>\n\t\t\t<div class='gallery-icon landscape'>\n\t\t\t\t<a href='https:\/\/www.hotelletizia.net\/wp-content\/uploads\/2018\/04\/Bagno-Camera-Mansarda-Vista-Mare-Hotel-Letizia-Igea-Marina-7.jpg' data-size=\"1000x500\"><img loading=\"lazy\" decoding=\"async\" width=\"640\" height=\"420\" src=\"https:\/\/www.hotelletizia.net\/wp-content\/uploads\/2018\/04\/Bagno-Camera-Mansarda-Vista-Mare-Hotel-Letizia-Igea-Marina-7-640x420.jpg\" class=\"attachment-medium size-medium\" alt=\"\" \/><\/a>\n\t\t\t<\/div><\/figure>\n\t\t<\/div>\n\n","protected":false},"excerpt":{"rendered":"<p>Petit-d\u00e9jeuner et repas au choix, au restaurant de l&rsquo;h\u00f4tel Letizia Pour vous, \u00eatre en vacances signifie se la couler douce et tout vivre avec un maximum de libert\u00e9 ? \u00c0 l&rsquo;h\u00f4tel Letizia, la demi-pension est le choix le plus flexible. Les avantages de la demi-pension : Apr\u00e8s avoir pass\u00e9 la nuit \u00e0 l&rsquo;h\u00f4tel (vous avez le choix entre 4 types de chambres), un copieux petit-d\u00e9jeuner buffet vous attend, id\u00e9al pour &#8230;<\/p>\n","protected":false},"author":1,"featured_media":0,"parent":0,"menu_order":0,"comment_status":"closed","ping_status":"closed","template":"","meta":{"_acf_changed":false},"class_list":["post-2405","page","type-page","status-publish","hentry"],"acf":[],"_links":{"self":[{"href":"https:\/\/www.hotelletizia.net\/fr\/wp-json\/wp\/v2\/pages\/2405","targetHints":{"allow":["GET"]}}],"collection":[{"href":"https:\/\/www.hotelletizia.net\/fr\/wp-json\/wp\/v2\/pages"}],"about":[{"href":"https:\/\/www.hotelletizia.net\/fr\/wp-json\/wp\/v2\/types\/page"}],"author":[{"embeddable":true,"href":"https:\/\/www.hotelletizia.net\/fr\/wp-json\/wp\/v2\/users\/1"}],"replies":[{"embeddable":true,"href":"https:\/\/www.hotelletizia.net\/fr\/wp-json\/wp\/v2\/comments?post=2405"}],"version-history":[{"count":0,"href":"https:\/\/www.hotelletizia.net\/fr\/wp-json\/wp\/v2\/pages\/2405\/revisions"}],"wp:attachment":[{"href":"https:\/\/www.hotelletizia.net\/fr\/wp-json\/wp\/v2\/media?parent=2405"}],"curies":[{"name":"wp","href":"https:\/\/api.w.org\/{rel}","templated":true}]}}