{"id":2398,"date":"2024-04-19T11:05:33","date_gmt":"2024-04-19T09:05:33","guid":{"rendered":"https:\/\/www.hotelletizia.net\/spiaggia-polo-est-village-igea-marina\/"},"modified":"2024-10-30T08:34:27","modified_gmt":"2024-10-30T07:34:27","slug":"plage-polo-est-village-igea-marina","status":"publish","type":"page","link":"https:\/\/www.hotelletizia.net\/fr\/plage-polo-est-village-igea-marina\/","title":{"rendered":"Plage Polo Est Village"},"content":{"rendered":"<h2>Le Polo Est Village, \u00e0 Igea Marina, est bien plus qu&rsquo;une plage.<\/h2>\n<p><strong>Le Polo Est Village, situ\u00e9 \u00e0 200 m\u00e8tres de l&rsquo;h\u00f4tel Letizia,<\/strong> est n\u00e9 de l&rsquo;id\u00e9e d&rsquo;un village baln\u00e9aire gratuit et bien \u00e9quip\u00e9.<br \/>\nAnn\u00e9e apr\u00e8s ann\u00e9e, le projet initial s&rsquo;est perfectionn\u00e9, devenant un lieu de rencontre et de socialisation pour des personnes de tous \u00e2ges, un lieu d&rsquo;\u00e9v\u00e9nements spectaculaires, un espace sportif en plein air, un lieu gratuit, utilisable et \u00e0 la disposition de tous.<\/p>\n<hr \/>\n<div class=\"row row-columns\">\n<div class=\"col-sm-6\">\n<h3>Plage Polo Est Village<\/h3>\n<p>Polo Est Village est tout ce que vous imaginez&#8230; De nombreux services compl\u00e9mentaires des plus modernes en font un lieu de forte agr\u00e9gation et de socialisation.<\/p>\n<ul>\n<li>Espace d&rsquo;accueil : accueil et promotion du p\u00f4le Est et des activit\u00e9s locales<\/li>\n<li>Wi-Fi gratuit<\/li>\n<li>Douches chaudes et froides<\/li>\n<li>Conventions avec des entreprises locales<\/li>\n<\/ul>\n<\/div>\n<p>&nbsp;<\/p>\n<div class=\"col-sm-6\"><img loading=\"lazy\" decoding=\"async\" class=\"alignnone size-medium wp-image-2110\" src=\"https:\/\/www.hotelletizia.net\/wp-content\/uploads\/2024\/04\/polo-est-village-640x420.jpg\" alt=\"\" width=\"640\" height=\"420\" data-big-size=\"1267x662\" \/><\/div>\n<\/div>\n<p>&nbsp;<\/p>\n<div class=\"row row-columns\">\n<div class=\"col-sm-6\"><img loading=\"lazy\" decoding=\"async\" class=\"alignnone size-medium wp-image-2098\" src=\"https:\/\/www.hotelletizia.net\/wp-content\/uploads\/2024\/04\/polo-est-village-igea-marina-640x420.jpg\" alt=\"polo-est-village-igea-marina\" width=\"640\" height=\"420\" data-big-size=\"1267x662\" \/><\/div>\n<div class=\"col-sm-6\">\n<h3>Plage et Relaxation<\/h3>\n<p>Grande plage de sable fin et espace de d\u00e9tente o\u00f9 le personnel du Polo Est Village sera le point d&rsquo;orgue de votre journ\u00e9e.<\/p>\n<ul>\n<li>Parasols carr\u00e9s de 2,20 m\u00e8tres de c\u00f4t\u00e9<\/li>\n<li>Chaises longues confort et chaises longues vip xxl<\/li>\n<li>Gazebos et espaces VIP<\/li>\n<\/ul>\n<\/div>\n<\/div>\n<p>&nbsp;<\/p>\n<div class=\"row row-columns\">\n<div class=\"col-sm-6\">\n<h3>Restaurants et bars<\/h3>\n<p>Des plats savoureux accompagn\u00e9s de vins traditionnels de Romagne, des ap\u00e9ritifs frais et savoureux et des boissons apr\u00e8s le d\u00eener au restaurant ou confortablement install\u00e9 sous le parasol de la plage.<\/p>\n<ul>\n<li>Jusqu&rsquo;\u00e0 200 tables<\/li>\n<li>Et plus de 1 000 places assises<\/li>\n<li>Livraison de nourriture et de boissons pour savourer les saveurs traditionnelles m\u00eame sous le parasol<\/li>\n<li>D\u00eeners et ap\u00e9ritifs au coucher du soleil<\/li>\n<\/ul>\n<\/div>\n<div class=\"col-sm-6\"><img loading=\"lazy\" decoding=\"async\" class=\"alignnone size-medium wp-image-2101\" src=\"https:\/\/www.hotelletizia.net\/wp-content\/uploads\/2024\/04\/polo-est-village-igea-marina-1-640x420.jpg\" alt=\"\" width=\"640\" height=\"420\" data-big-size=\"1267x662\" \/><\/div>\n<\/div>\n<p>&nbsp;<\/p>\n<div class=\"row row-columns\">\n<div class=\"col-sm-6\"><img loading=\"lazy\" decoding=\"async\" class=\"alignnone size-medium wp-image-2104\" src=\"https:\/\/www.hotelletizia.net\/wp-content\/uploads\/2024\/04\/sport-polo-est-village-igea-marina-640x420.jpg\" alt=\"\" width=\"640\" height=\"420\" data-big-size=\"1267x662\" \/><\/div>\n<div class=\"col-sm-6\">\n<h3>Sport<\/h3>\n<p>Un nouveau projet con\u00e7u pour exp\u00e9rimenter les valeurs de la terre, de l&rsquo;environnement et du sport en plein air et sur le sable.<\/p>\n<ul>\n<li>10 terrains de sport<\/li>\n<li>Location de mat\u00e9riel sportif<\/li>\n<li>Entra\u00eeneurs personnels professionnels et sp\u00e9cialis\u00e9s<\/li>\n<li>Activit\u00e9s sportives organis\u00e9es : Sup, gymnastique fonctionnelle, Pilates &#8230;<\/li>\n<li>Restauration avec menus sportifs<\/li>\n<li>Point v\u00e9lo \u00e9quip\u00e9<\/li>\n<\/ul>\n<\/div>\n<\/div>\n<p>&nbsp;<\/p>\n<div class=\"row row-columns\">\n<div class=\"col-sm-6\">\n<h3>Zone des \u00e9v\u00e9nements<\/h3>\n<p>Le personnel du Polo Est Village est \u00e0 votre disposition pour organiser des \u00e9v\u00e9nements : de la cr\u00e9ation \u00e0 la r\u00e9alisation d&rsquo;\u00e9v\u00e9nements qui enrichissent le panorama des activit\u00e9s de la zone.<\/p>\n<ul>\n<li>1 ledwall 3X2 et une sc\u00e8ne permanente 6X4<\/li>\n<li>Si\u00e8ges et tables<\/li>\n<li>Service audio-vid\u00e9o-\u00e9clairage<\/li>\n<li>Un espace d\u00e9di\u00e9 \u00e0 votre \u00e9v\u00e9nement<\/li>\n<\/ul>\n<\/div>\n<div class=\"col-sm-6\"><img loading=\"lazy\" decoding=\"async\" class=\"alignnone size-medium wp-image-2107\" src=\"https:\/\/www.hotelletizia.net\/wp-content\/uploads\/2024\/04\/eventi-polo-est-village-igea-marina-640x420.jpg\" alt=\"\" width=\"640\" height=\"420\" data-big-size=\"1267x662\" \/><\/div>\n<\/div>\n","protected":false},"excerpt":{"rendered":"<p>Le Polo Est Village, \u00e0 Igea Marina, est bien plus qu&rsquo;une plage. Le Polo Est Village, situ\u00e9 \u00e0 200 m\u00e8tres de l&rsquo;h\u00f4tel Letizia, est n\u00e9 de l&rsquo;id\u00e9e d&rsquo;un village baln\u00e9aire gratuit et bien \u00e9quip\u00e9. Ann\u00e9e apr\u00e8s ann\u00e9e, le projet initial s&rsquo;est perfectionn\u00e9, devenant un lieu de rencontre et de socialisation pour des personnes de tous \u00e2ges, un lieu d&rsquo;\u00e9v\u00e9nements spectaculaires, un espace sportif en plein air, un lieu gratuit, utilisable &#8230;<\/p>\n","protected":false},"author":1,"featured_media":0,"parent":0,"menu_order":0,"comment_status":"closed","ping_status":"closed","template":"","meta":{"_acf_changed":false},"class_list":["post-2398","page","type-page","status-publish","hentry"],"acf":[],"_links":{"self":[{"href":"https:\/\/www.hotelletizia.net\/fr\/wp-json\/wp\/v2\/pages\/2398","targetHints":{"allow":["GET"]}}],"collection":[{"href":"https:\/\/www.hotelletizia.net\/fr\/wp-json\/wp\/v2\/pages"}],"about":[{"href":"https:\/\/www.hotelletizia.net\/fr\/wp-json\/wp\/v2\/types\/page"}],"author":[{"embeddable":true,"href":"https:\/\/www.hotelletizia.net\/fr\/wp-json\/wp\/v2\/users\/1"}],"replies":[{"embeddable":true,"href":"https:\/\/www.hotelletizia.net\/fr\/wp-json\/wp\/v2\/comments?post=2398"}],"version-history":[{"count":0,"href":"https:\/\/www.hotelletizia.net\/fr\/wp-json\/wp\/v2\/pages\/2398\/revisions"}],"wp:attachment":[{"href":"https:\/\/www.hotelletizia.net\/fr\/wp-json\/wp\/v2\/media?parent=2398"}],"curies":[{"name":"wp","href":"https:\/\/api.w.org\/{rel}","templated":true}]}}