{"id":2389,"date":"2016-07-29T12:11:55","date_gmt":"2016-07-29T10:11:55","guid":{"rendered":"https:\/\/www.hotelletizia.net\/pagina-di-esempio\/"},"modified":"2024-10-31T09:23:54","modified_gmt":"2024-10-31T08:23:54","slug":"pagina-di-esempio","status":"publish","type":"page","link":"https:\/\/www.hotelletizia.net\/fr\/","title":{"rendered":"Letizia h\u00f4tel 3 \u00e9toiles, le sourire de la Romagne"},"content":{"rendered":"<h2>Un sourire ouvert, le go\u00fbt authentique de la bonne cuisine, la mer \u00e0 deux pas&#8230;\ud83d\ude03<\/h2>\n<p>D\u00e9couvrez la <strong>valeur de la simplicit\u00e9<\/strong>, la satisfaction et l&rsquo;insouciance de <strong>vacances enrichies par la courtoisie, la comp\u00e9tence et la qualit\u00e9<\/strong> que notre famille transmet depuis trois g\u00e9n\u00e9rations.<br \/>\nNous vous attendons \u00e0 Bellaria Igea Marina, <strong>l&rsquo;H\u00f4tel Letizia sera votre maison de vacances<\/strong>. La <strong>lumi\u00e8re du soleil, le bleu du ciel et le parfum de la mer<\/strong>&#8230; tout vaut plus en Romagne.<\/p>\n<p><strong>Faites notre connaissance &gt;<\/strong><\/p>\n","protected":false},"excerpt":{"rendered":"<p>Un sourire ouvert, le go\u00fbt authentique de la bonne cuisine, la mer \u00e0 deux pas&#8230;\ud83d\ude03 D\u00e9couvrez la valeur de la simplicit\u00e9, la satisfaction et l&rsquo;insouciance de vacances enrichies par la courtoisie, la comp\u00e9tence et la qualit\u00e9 que notre famille transmet depuis trois g\u00e9n\u00e9rations. Nous vous attendons \u00e0 Bellaria Igea Marina, l&rsquo;H\u00f4tel Letizia sera votre maison de vacances. La lumi\u00e8re du soleil, le bleu du ciel et le parfum de la &#8230;<\/p>\n","protected":false},"author":1,"featured_media":0,"parent":0,"menu_order":0,"comment_status":"closed","ping_status":"open","template":"","meta":{"_acf_changed":false},"class_list":["post-2389","page","type-page","status-publish","hentry"],"acf":[],"_links":{"self":[{"href":"https:\/\/www.hotelletizia.net\/fr\/wp-json\/wp\/v2\/pages\/2389","targetHints":{"allow":["GET"]}}],"collection":[{"href":"https:\/\/www.hotelletizia.net\/fr\/wp-json\/wp\/v2\/pages"}],"about":[{"href":"https:\/\/www.hotelletizia.net\/fr\/wp-json\/wp\/v2\/types\/page"}],"author":[{"embeddable":true,"href":"https:\/\/www.hotelletizia.net\/fr\/wp-json\/wp\/v2\/users\/1"}],"replies":[{"embeddable":true,"href":"https:\/\/www.hotelletizia.net\/fr\/wp-json\/wp\/v2\/comments?post=2389"}],"version-history":[{"count":0,"href":"https:\/\/www.hotelletizia.net\/fr\/wp-json\/wp\/v2\/pages\/2389\/revisions"}],"wp:attachment":[{"href":"https:\/\/www.hotelletizia.net\/fr\/wp-json\/wp\/v2\/media?parent=2389"}],"curies":[{"name":"wp","href":"https:\/\/api.w.org\/{rel}","templated":true}]}}